{"id":8966,"date":"2025-06-29T10:44:18","date_gmt":"2025-06-29T08:44:18","guid":{"rendered":"https:\/\/uj.adatbank.ro\/lexikon\/termek\/goldner-karoly-goldner-carolus\/"},"modified":"2025-06-29T10:44:18","modified_gmt":"2025-06-29T08:44:18","slug":"goldner-karoly-goldner-carolus","status":"publish","type":"product","link":"https:\/\/uj.adatbank.ro\/lexikon\/termek\/goldner-karoly-goldner-carolus\/","title":{"rendered":"G\u00d6LDNER K\u00e1roly, G\u00f6ldner Carolus"},"content":{"rendered":"<p>Mv., 1805., \u2020 Mv., 1846. j\u00fal.: gy\u00f3gyszer\u00e9sz. \u2013 G. D\u00e1niel, n\u00e9met nyelvtan\u00e1r fia. \u2013 Gy\u00f3gyszer\u00e9sz inas volt, majd Pesten gy\u00f3gyszer\u00e9szhallgat\u00f3 (1835\u201336) \u00e9s gy\u00f3gyszer\u00e9szeti diplom\u00e1t kapott (1836. j\u00fan. 6.), amit Brandecker Simonnak aj\u00e1nlott. Mv.-en a Brandecker Simon f\u00e9le Arany Szarvas gy\u00f3gyszert\u00e1r vezet\u0151je volt. \u2013 <strong>F. m.:<\/strong> Gy\u00f3gyszeres \u00e9rtekez\u00e9sek a Horgagr\u00f3l (Flores Zinci) \u00e9s a Jegesedett Etzetsavas R\u00e9zagr\u00f3l (Acetas Cupricus Crystallisatus) (Pest, 1836). <br \/><strong>Irod.:<\/strong> D\u00f6rnyei 2010; Gy\u0151ry; Kr\u00f3n F\u00fcz (1939. 4\/7); Matolcsy Mikl\u00f3s: K\u00f6nyv \u00e9s irodalmi gy\u0171jtem\u00e9ny a mo.-i gy\u00f3gyszer\u00e9szeti munk\u00e1kr\u00f3l; P\u00e9ter H. M.; P\u00e9ter H. M. 2013; Szab\u00f3 Mikl\u00f3s 2005; Szinnyei; Szinnyei J \u2013 Szinnyei J\u00f3zsef<\/br><\/p>\n","protected":false},"excerpt":{"rendered":"<p>Mv., 1805., \u2020 Mv., 1846. j\u00fal.: gy\u00f3gyszer\u00e9sz. \u2013 G. D\u00e1niel, n\u00e9met nyelvtan\u00e1r fia. \u2013 Gy\u00f3gyszer\u00e9sz inas volt, majd Pesten gy\u00f3gyszer\u00e9szhallgat\u00f3 (1835\u201336) \u00e9s gy\u00f3gyszer\u00e9szeti diplom\u00e1t kapott (1836. j\u00fan. 6.), amit Brandecker Simonnak aj\u00e1nlott. Mv.-en a Brandecker Simon f\u00e9le Arany Szarvas gy\u00f3gyszert\u00e1r vezet\u0151je volt. \u2013 F. m.: Gy\u00f3gyszeres \u00e9rtekez\u00e9sek a Horgagr\u00f3l (Flores Zinci) \u00e9s a Jegesedett Etzetsavas [&hellip;]<\/p>\n","protected":false},"featured_media":0,"comment_status":"open","ping_status":"closed","template":"","meta":[],"product_brand":[],"product_cat":[137],"product_tag":[],"class_list":{"0":"post-8966","1":"product","2":"type-product","3":"status-publish","5":"product_cat-maros-megyei-eletrajzi-lexikon","7":"first","8":"instock","9":"shipping-taxable","10":"product-type-simple"},"_links":{"self":[{"href":"https:\/\/uj.adatbank.ro\/lexikon\/wp-json\/wp\/v2\/product\/8966","targetHints":{"allow":["GET"]}}],"collection":[{"href":"https:\/\/uj.adatbank.ro\/lexikon\/wp-json\/wp\/v2\/product"}],"about":[{"href":"https:\/\/uj.adatbank.ro\/lexikon\/wp-json\/wp\/v2\/types\/product"}],"replies":[{"embeddable":true,"href":"https:\/\/uj.adatbank.ro\/lexikon\/wp-json\/wp\/v2\/comments?post=8966"}],"wp:attachment":[{"href":"https:\/\/uj.adatbank.ro\/lexikon\/wp-json\/wp\/v2\/media?parent=8966"}],"wp:term":[{"taxonomy":"product_brand","embeddable":true,"href":"https:\/\/uj.adatbank.ro\/lexikon\/wp-json\/wp\/v2\/product_brand?post=8966"},{"taxonomy":"product_cat","embeddable":true,"href":"https:\/\/uj.adatbank.ro\/lexikon\/wp-json\/wp\/v2\/product_cat?post=8966"},{"taxonomy":"product_tag","embeddable":true,"href":"https:\/\/uj.adatbank.ro\/lexikon\/wp-json\/wp\/v2\/product_tag?post=8966"}],"curies":[{"name":"wp","href":"https:\/\/api.w.org\/{rel}","templated":true}]}}