{"id":8972,"date":"2025-06-29T10:44:31","date_gmt":"2025-06-29T08:44:31","guid":{"rendered":"https:\/\/uj.adatbank.ro\/lexikon\/termek\/goldschlag-osias-%c2%a7-goldstein-osian\/"},"modified":"2025-06-29T10:44:31","modified_gmt":"2025-06-29T08:44:31","slug":"goldschlag-osias-%c2%a7-goldstein-osian","status":"publish","type":"product","link":"https:\/\/uj.adatbank.ro\/lexikon\/termek\/goldschlag-osias-%c2%a7-goldstein-osian\/","title":{"rendered":"GOLDSCHLAG Osias, \u00a7 Goldstein Osian"},"content":{"rendered":"<p>1867., \u2020\u00a0Mv., 1942: gy\u00e1ros. \u2013 A mv.-i Goldschlag Fa\u00e1rugy\u00e1r j\u00f3 h\u00edrnek \u00f6rvendett, amit gy\u00e1rtm\u00e1nyainak kit\u0171n\u0151 min\u0151s\u00e9ge biztos\u00edtott. A tulajdonos j\u00f3 szakember volt aki nagy tekint\u00e9lynek \u00f6rvendett a szakm\u00e1ban. B\u00e1doglemez-\u00fczemet l\u00e9tes\u00edtett (1924). A Statusquo zsid\u00f3 hitk\u00f6zs\u00e9g vall\u00e1s\u00fcgyi aleln\u00f6ke. <br \/><strong>Irod.:<\/strong> EBKL; Id\u0151t\u00e1r 3\u00a0; Mv. zsid\u00f3s\u00e1ga; Mv.-i zsid\u00f3 temet\u0151 dok.<\/br><\/p>\n","protected":false},"excerpt":{"rendered":"<p>1867., \u2020\u00a0Mv., 1942: gy\u00e1ros. \u2013 A mv.-i Goldschlag Fa\u00e1rugy\u00e1r j\u00f3 h\u00edrnek \u00f6rvendett, amit gy\u00e1rtm\u00e1nyainak kit\u0171n\u0151 min\u0151s\u00e9ge biztos\u00edtott. A tulajdonos j\u00f3 szakember volt aki nagy tekint\u00e9lynek \u00f6rvendett a szakm\u00e1ban. B\u00e1doglemez-\u00fczemet l\u00e9tes\u00edtett (1924). A Statusquo zsid\u00f3 hitk\u00f6zs\u00e9g vall\u00e1s\u00fcgyi aleln\u00f6ke. Irod.: EBKL; Id\u0151t\u00e1r 3\u00a0; Mv. zsid\u00f3s\u00e1ga; Mv.-i zsid\u00f3 temet\u0151 dok.<\/p>\n","protected":false},"featured_media":0,"comment_status":"open","ping_status":"closed","template":"","meta":[],"product_brand":[],"product_cat":[137],"product_tag":[],"class_list":{"0":"post-8972","1":"product","2":"type-product","3":"status-publish","5":"product_cat-maros-megyei-eletrajzi-lexikon","7":"first","8":"instock","9":"shipping-taxable","10":"product-type-simple"},"_links":{"self":[{"href":"https:\/\/uj.adatbank.ro\/lexikon\/wp-json\/wp\/v2\/product\/8972","targetHints":{"allow":["GET"]}}],"collection":[{"href":"https:\/\/uj.adatbank.ro\/lexikon\/wp-json\/wp\/v2\/product"}],"about":[{"href":"https:\/\/uj.adatbank.ro\/lexikon\/wp-json\/wp\/v2\/types\/product"}],"replies":[{"embeddable":true,"href":"https:\/\/uj.adatbank.ro\/lexikon\/wp-json\/wp\/v2\/comments?post=8972"}],"wp:attachment":[{"href":"https:\/\/uj.adatbank.ro\/lexikon\/wp-json\/wp\/v2\/media?parent=8972"}],"wp:term":[{"taxonomy":"product_brand","embeddable":true,"href":"https:\/\/uj.adatbank.ro\/lexikon\/wp-json\/wp\/v2\/product_brand?post=8972"},{"taxonomy":"product_cat","embeddable":true,"href":"https:\/\/uj.adatbank.ro\/lexikon\/wp-json\/wp\/v2\/product_cat?post=8972"},{"taxonomy":"product_tag","embeddable":true,"href":"https:\/\/uj.adatbank.ro\/lexikon\/wp-json\/wp\/v2\/product_tag?post=8972"}],"curies":[{"name":"wp","href":"https:\/\/api.w.org\/{rel}","templated":true}]}}