{"id":8974,"date":"2025-06-29T10:44:34","date_gmt":"2025-06-29T08:44:34","guid":{"rendered":"https:\/\/uj.adatbank.ro\/lexikon\/termek\/goldstein-erno-%c2%a7\/"},"modified":"2025-06-29T10:44:34","modified_gmt":"2025-06-29T08:44:34","slug":"goldstein-erno-%c2%a7","status":"publish","type":"product","link":"https:\/\/uj.adatbank.ro\/lexikon\/termek\/goldstein-erno-%c2%a7\/","title":{"rendered":"GOLDSTEIN Ern\u0151, \u00a7"},"content":{"rendered":"<p>Marosludas, 1901., \u2020\u00a0? : ort. izr hitk\u00f6zs\u00e9gi eln\u00f6k. \u2013 A mv. \u2013 ortodox hitk\u00f6zs\u00e9g eln\u00f6ke a v\u00e9szkorszak idej\u00e9n (1939\u201342). A mv.-i zsid\u00f3tan\u00e1cs tagja (1944). Mv. -r\u0151l deport\u00e1lt\u00e1k feles\u00e9g\u00e9vel egy\u00fctt (1944. m\u00e1j. 29.). <br \/><strong>Irod.:<\/strong> Id\u0151t\u00e1r 3; Mv. zsid\u00f3s\u00e1ga; Sebesty\u00e9n Mih\u00e1ly 2000<\/br><\/p>\n","protected":false},"excerpt":{"rendered":"<p>Marosludas, 1901., \u2020\u00a0? : ort. izr hitk\u00f6zs\u00e9gi eln\u00f6k. \u2013 A mv. \u2013 ortodox hitk\u00f6zs\u00e9g eln\u00f6ke a v\u00e9szkorszak idej\u00e9n (1939\u201342). A mv.-i zsid\u00f3tan\u00e1cs tagja (1944). Mv. -r\u0151l deport\u00e1lt\u00e1k feles\u00e9g\u00e9vel egy\u00fctt (1944. m\u00e1j. 29.). Irod.: Id\u0151t\u00e1r 3; Mv. zsid\u00f3s\u00e1ga; Sebesty\u00e9n Mih\u00e1ly 2000<\/p>\n","protected":false},"featured_media":0,"comment_status":"open","ping_status":"closed","template":"","meta":[],"product_brand":[],"product_cat":[137],"product_tag":[],"class_list":{"0":"post-8974","1":"product","2":"type-product","3":"status-publish","5":"product_cat-maros-megyei-eletrajzi-lexikon","7":"first","8":"instock","9":"shipping-taxable","10":"product-type-simple"},"_links":{"self":[{"href":"https:\/\/uj.adatbank.ro\/lexikon\/wp-json\/wp\/v2\/product\/8974","targetHints":{"allow":["GET"]}}],"collection":[{"href":"https:\/\/uj.adatbank.ro\/lexikon\/wp-json\/wp\/v2\/product"}],"about":[{"href":"https:\/\/uj.adatbank.ro\/lexikon\/wp-json\/wp\/v2\/types\/product"}],"replies":[{"embeddable":true,"href":"https:\/\/uj.adatbank.ro\/lexikon\/wp-json\/wp\/v2\/comments?post=8974"}],"wp:attachment":[{"href":"https:\/\/uj.adatbank.ro\/lexikon\/wp-json\/wp\/v2\/media?parent=8974"}],"wp:term":[{"taxonomy":"product_brand","embeddable":true,"href":"https:\/\/uj.adatbank.ro\/lexikon\/wp-json\/wp\/v2\/product_brand?post=8974"},{"taxonomy":"product_cat","embeddable":true,"href":"https:\/\/uj.adatbank.ro\/lexikon\/wp-json\/wp\/v2\/product_cat?post=8974"},{"taxonomy":"product_tag","embeddable":true,"href":"https:\/\/uj.adatbank.ro\/lexikon\/wp-json\/wp\/v2\/product_tag?post=8974"}],"curies":[{"name":"wp","href":"https:\/\/api.w.org\/{rel}","templated":true}]}}