{"id":8976,"date":"2025-06-29T10:44:37","date_gmt":"2025-06-29T08:44:37","guid":{"rendered":"https:\/\/uj.adatbank.ro\/lexikon\/termek\/goldstein-lazar\/"},"modified":"2025-06-29T10:44:37","modified_gmt":"2025-06-29T08:44:37","slug":"goldstein-lazar","status":"publish","type":"product","link":"https:\/\/uj.adatbank.ro\/lexikon\/termek\/goldstein-lazar\/","title":{"rendered":"GOLDSTEIN L\u00e1z\u00e1r"},"content":{"rendered":"<p>1898, \u2020\u00a0?: keresked\u0151. \u2013 Mv.-en volt keresked\u0151. R\u00e9szt vett az els\u0151 vh.-ban \u00e9s mint rokkant j\u00f6tt haza a vit\u00e9zs\u00e9gi \u00e9rem, a n\u00e9met Vaskereszt kit\u00fcntet\u00e9ssel. Mv. -r\u0151l deport\u00e1lt\u00e1k feles\u00e9g\u00e9vel (1897\u2013) egy\u00fctt (1944. m\u00e1j. 29.). <br \/><strong>Irod.:<\/strong> Mv. zsid\u00f3s\u00e1ga; Visnai<\/br><\/p>\n","protected":false},"excerpt":{"rendered":"<p>1898, \u2020\u00a0?: keresked\u0151. \u2013 Mv.-en volt keresked\u0151. R\u00e9szt vett az els\u0151 vh.-ban \u00e9s mint rokkant j\u00f6tt haza a vit\u00e9zs\u00e9gi \u00e9rem, a n\u00e9met Vaskereszt kit\u00fcntet\u00e9ssel. Mv. -r\u0151l deport\u00e1lt\u00e1k feles\u00e9g\u00e9vel (1897\u2013) egy\u00fctt (1944. m\u00e1j. 29.). Irod.: Mv. zsid\u00f3s\u00e1ga; Visnai<\/p>\n","protected":false},"featured_media":0,"comment_status":"open","ping_status":"closed","template":"","meta":[],"product_brand":[],"product_cat":[137],"product_tag":[],"class_list":{"0":"post-8976","1":"product","2":"type-product","3":"status-publish","5":"product_cat-maros-megyei-eletrajzi-lexikon","7":"first","8":"instock","9":"shipping-taxable","10":"product-type-simple"},"_links":{"self":[{"href":"https:\/\/uj.adatbank.ro\/lexikon\/wp-json\/wp\/v2\/product\/8976","targetHints":{"allow":["GET"]}}],"collection":[{"href":"https:\/\/uj.adatbank.ro\/lexikon\/wp-json\/wp\/v2\/product"}],"about":[{"href":"https:\/\/uj.adatbank.ro\/lexikon\/wp-json\/wp\/v2\/types\/product"}],"replies":[{"embeddable":true,"href":"https:\/\/uj.adatbank.ro\/lexikon\/wp-json\/wp\/v2\/comments?post=8976"}],"wp:attachment":[{"href":"https:\/\/uj.adatbank.ro\/lexikon\/wp-json\/wp\/v2\/media?parent=8976"}],"wp:term":[{"taxonomy":"product_brand","embeddable":true,"href":"https:\/\/uj.adatbank.ro\/lexikon\/wp-json\/wp\/v2\/product_brand?post=8976"},{"taxonomy":"product_cat","embeddable":true,"href":"https:\/\/uj.adatbank.ro\/lexikon\/wp-json\/wp\/v2\/product_cat?post=8976"},{"taxonomy":"product_tag","embeddable":true,"href":"https:\/\/uj.adatbank.ro\/lexikon\/wp-json\/wp\/v2\/product_tag?post=8976"}],"curies":[{"name":"wp","href":"https:\/\/api.w.org\/{rel}","templated":true}]}}