{"id":8977,"date":"2025-06-29T10:44:39","date_gmt":"2025-06-29T08:44:39","guid":{"rendered":"https:\/\/uj.adatbank.ro\/lexikon\/termek\/goldstein-samu\/"},"modified":"2025-06-29T10:44:39","modified_gmt":"2025-06-29T08:44:39","slug":"goldstein-samu","status":"publish","type":"product","link":"https:\/\/uj.adatbank.ro\/lexikon\/termek\/goldstein-samu\/","title":{"rendered":"GOLDSTEIN Samu"},"content":{"rendered":"<p>? \u2020 ? : v\u00e1llalkoz\u00f3, \u00e9kszer\u00e9sz. \u2013 H\u00e1rom t\u00e1rs\u00e1val Preciosa \u00c9kszeripari \u00e9s Kereskedelmi V\u00e1llalat n\u00e9ven \u00e9kszerk\u00e9sz\u00edt\u0151 \u00fczemet alap\u00edtott a f\u0151t\u00e9ren a Kohn M\u00e1rton f\u00e9le h\u00e1zban (1919). Malom tulajdonos is (\u20131932). <br \/><strong>Irod.:<\/strong> Id\u0151t\u00e1r 3<\/br><\/p>\n","protected":false},"excerpt":{"rendered":"<p>? \u2020 ? : v\u00e1llalkoz\u00f3, \u00e9kszer\u00e9sz. \u2013 H\u00e1rom t\u00e1rs\u00e1val Preciosa \u00c9kszeripari \u00e9s Kereskedelmi V\u00e1llalat n\u00e9ven \u00e9kszerk\u00e9sz\u00edt\u0151 \u00fczemet alap\u00edtott a f\u0151t\u00e9ren a Kohn M\u00e1rton f\u00e9le h\u00e1zban (1919). Malom tulajdonos is (\u20131932). Irod.: Id\u0151t\u00e1r 3<\/p>\n","protected":false},"featured_media":0,"comment_status":"open","ping_status":"closed","template":"","meta":[],"product_brand":[],"product_cat":[137],"product_tag":[],"class_list":{"0":"post-8977","1":"product","2":"type-product","3":"status-publish","5":"product_cat-maros-megyei-eletrajzi-lexikon","7":"first","8":"instock","9":"shipping-taxable","10":"product-type-simple"},"_links":{"self":[{"href":"https:\/\/uj.adatbank.ro\/lexikon\/wp-json\/wp\/v2\/product\/8977","targetHints":{"allow":["GET"]}}],"collection":[{"href":"https:\/\/uj.adatbank.ro\/lexikon\/wp-json\/wp\/v2\/product"}],"about":[{"href":"https:\/\/uj.adatbank.ro\/lexikon\/wp-json\/wp\/v2\/types\/product"}],"replies":[{"embeddable":true,"href":"https:\/\/uj.adatbank.ro\/lexikon\/wp-json\/wp\/v2\/comments?post=8977"}],"wp:attachment":[{"href":"https:\/\/uj.adatbank.ro\/lexikon\/wp-json\/wp\/v2\/media?parent=8977"}],"wp:term":[{"taxonomy":"product_brand","embeddable":true,"href":"https:\/\/uj.adatbank.ro\/lexikon\/wp-json\/wp\/v2\/product_brand?post=8977"},{"taxonomy":"product_cat","embeddable":true,"href":"https:\/\/uj.adatbank.ro\/lexikon\/wp-json\/wp\/v2\/product_cat?post=8977"},{"taxonomy":"product_tag","embeddable":true,"href":"https:\/\/uj.adatbank.ro\/lexikon\/wp-json\/wp\/v2\/product_tag?post=8977"}],"curies":[{"name":"wp","href":"https:\/\/api.w.org\/{rel}","templated":true}]}}