{"id":8978,"date":"2025-06-29T10:44:41","date_gmt":"2025-06-29T08:44:41","guid":{"rendered":"https:\/\/uj.adatbank.ro\/lexikon\/termek\/golea-ion-golea-ionel\/"},"modified":"2025-06-29T10:44:41","modified_gmt":"2025-06-29T08:44:41","slug":"golea-ion-golea-ionel","status":"publish","type":"product","link":"https:\/\/uj.adatbank.ro\/lexikon\/termek\/golea-ion-golea-ionel\/","title":{"rendered":"GOLEA Ion, Golea Ionel"},"content":{"rendered":"<p>Bonyha, 1922. dec. 5., \u2020 Nagyenyed, 1953. okt. 31.: antikommunista harcos. \u2013 Kv.-on az orvosi egyetemen tanult (1942); \u00e9s r\u00e9szt vett az \u00edfj\u00fas\u00e1gi antifasiszta mozgalomban. M\u00e1r k\u00f6z\u00e9piskol\u00e1s kor\u00e1ban szembesz\u00e1llt a be\u00f6z\u00f6nl\u00f6tt orosz katon\u00e1kkal, akik loptak \u00e9s raboltak a falubeliekt\u0151l (1944). K\u00fclf\u00f6ldre sz\u0151k\u00f6tt (1948), Bulg\u00e1ri\u00e1ba, Olaszo. -ba \u00e9s Ausztri\u00e1ba vetett\u00e9k be, majd ejt\u0151erny\u0151sk\u00e9nt m\u00e1s legion\u00e1rusokkal egy\u00fctt Rom\u00e1nia f\u00f6ldj\u00e9re juttatt\u00e1k, a kommunist\u00e1k elleni harc volt a feladat. Elfogt\u00e1k \u0151ket, a zsilavai, majd enyedi b\u00f6rt\u00f6nbe z\u00e1rt\u00e1k \u00e9s Buk.-ben hal\u00e1lra \u00edt\u00e9lt\u00e9k, amit v\u00e9gre is hajtottak (1953). <br \/><strong>Irod.:<\/strong> Golea, Nicolae: O via\u0163\u0103 \u00eenchinat\u0103 unui sat: Amintiri (ed. 3. -a. \u2013 Tg. M., 1996); Ioni\u0163oiu<\/br><\/p>\n","protected":false},"excerpt":{"rendered":"<p>Bonyha, 1922. dec. 5., \u2020 Nagyenyed, 1953. okt. 31.: antikommunista harcos. \u2013 Kv.-on az orvosi egyetemen tanult (1942); \u00e9s r\u00e9szt vett az \u00edfj\u00fas\u00e1gi antifasiszta mozgalomban. M\u00e1r k\u00f6z\u00e9piskol\u00e1s kor\u00e1ban szembesz\u00e1llt a be\u00f6z\u00f6nl\u00f6tt orosz katon\u00e1kkal, akik loptak \u00e9s raboltak a falubeliekt\u0151l (1944). K\u00fclf\u00f6ldre sz\u0151k\u00f6tt (1948), Bulg\u00e1ri\u00e1ba, Olaszo. -ba \u00e9s Ausztri\u00e1ba vetett\u00e9k be, majd ejt\u0151erny\u0151sk\u00e9nt m\u00e1s legion\u00e1rusokkal egy\u00fctt [&hellip;]<\/p>\n","protected":false},"featured_media":0,"comment_status":"open","ping_status":"closed","template":"","meta":[],"product_brand":[],"product_cat":[137],"product_tag":[],"class_list":{"0":"post-8978","1":"product","2":"type-product","3":"status-publish","5":"product_cat-maros-megyei-eletrajzi-lexikon","7":"first","8":"instock","9":"shipping-taxable","10":"product-type-simple"},"_links":{"self":[{"href":"https:\/\/uj.adatbank.ro\/lexikon\/wp-json\/wp\/v2\/product\/8978","targetHints":{"allow":["GET"]}}],"collection":[{"href":"https:\/\/uj.adatbank.ro\/lexikon\/wp-json\/wp\/v2\/product"}],"about":[{"href":"https:\/\/uj.adatbank.ro\/lexikon\/wp-json\/wp\/v2\/types\/product"}],"replies":[{"embeddable":true,"href":"https:\/\/uj.adatbank.ro\/lexikon\/wp-json\/wp\/v2\/comments?post=8978"}],"wp:attachment":[{"href":"https:\/\/uj.adatbank.ro\/lexikon\/wp-json\/wp\/v2\/media?parent=8978"}],"wp:term":[{"taxonomy":"product_brand","embeddable":true,"href":"https:\/\/uj.adatbank.ro\/lexikon\/wp-json\/wp\/v2\/product_brand?post=8978"},{"taxonomy":"product_cat","embeddable":true,"href":"https:\/\/uj.adatbank.ro\/lexikon\/wp-json\/wp\/v2\/product_cat?post=8978"},{"taxonomy":"product_tag","embeddable":true,"href":"https:\/\/uj.adatbank.ro\/lexikon\/wp-json\/wp\/v2\/product_tag?post=8978"}],"curies":[{"name":"wp","href":"https:\/\/api.w.org\/{rel}","templated":true}]}}