{"id":8981,"date":"2025-06-29T10:44:48","date_gmt":"2025-06-29T08:44:48","guid":{"rendered":"https:\/\/uj.adatbank.ro\/lexikon\/termek\/gollian-dome-fogaras\/"},"modified":"2025-06-29T10:44:48","modified_gmt":"2025-06-29T08:44:48","slug":"gollian-dome-fogaras","status":"publish","type":"product","link":"https:\/\/uj.adatbank.ro\/lexikon\/termek\/gollian-dome-fogaras\/","title":{"rendered":"GOLLI\u00c1N D\u00f6me, Fogaras"},"content":{"rendered":"<p>1840., \u2020\u00a0?\u00a0: szak\u00edr\u00f3, m. kir. ad\u00f3t\u00e1rnok, ad\u00f3hivatalnok. \u2013 Ad\u00f3hivatali ellen\u0151r Dics\u0151szentm\u00e1rtonban (1884). <br \/><strong>Irod.:<\/strong> Guly\u00e1s<\/br><\/p>\n","protected":false},"excerpt":{"rendered":"<p>1840., \u2020\u00a0?\u00a0: szak\u00edr\u00f3, m. kir. ad\u00f3t\u00e1rnok, ad\u00f3hivatalnok. \u2013 Ad\u00f3hivatali ellen\u0151r Dics\u0151szentm\u00e1rtonban (1884). Irod.: Guly\u00e1s<\/p>\n","protected":false},"featured_media":0,"comment_status":"open","ping_status":"closed","template":"","meta":[],"product_brand":[],"product_cat":[137],"product_tag":[],"class_list":{"0":"post-8981","1":"product","2":"type-product","3":"status-publish","5":"product_cat-maros-megyei-eletrajzi-lexikon","7":"first","8":"instock","9":"shipping-taxable","10":"product-type-simple"},"_links":{"self":[{"href":"https:\/\/uj.adatbank.ro\/lexikon\/wp-json\/wp\/v2\/product\/8981","targetHints":{"allow":["GET"]}}],"collection":[{"href":"https:\/\/uj.adatbank.ro\/lexikon\/wp-json\/wp\/v2\/product"}],"about":[{"href":"https:\/\/uj.adatbank.ro\/lexikon\/wp-json\/wp\/v2\/types\/product"}],"replies":[{"embeddable":true,"href":"https:\/\/uj.adatbank.ro\/lexikon\/wp-json\/wp\/v2\/comments?post=8981"}],"wp:attachment":[{"href":"https:\/\/uj.adatbank.ro\/lexikon\/wp-json\/wp\/v2\/media?parent=8981"}],"wp:term":[{"taxonomy":"product_brand","embeddable":true,"href":"https:\/\/uj.adatbank.ro\/lexikon\/wp-json\/wp\/v2\/product_brand?post=8981"},{"taxonomy":"product_cat","embeddable":true,"href":"https:\/\/uj.adatbank.ro\/lexikon\/wp-json\/wp\/v2\/product_cat?post=8981"},{"taxonomy":"product_tag","embeddable":true,"href":"https:\/\/uj.adatbank.ro\/lexikon\/wp-json\/wp\/v2\/product_tag?post=8981"}],"curies":[{"name":"wp","href":"https:\/\/api.w.org\/{rel}","templated":true}]}}