{"id":8982,"date":"2025-06-29T10:44:54","date_gmt":"2025-06-29T08:44:54","guid":{"rendered":"https:\/\/uj.adatbank.ro\/lexikon\/termek\/gollner-albert\/"},"modified":"2025-06-29T10:44:54","modified_gmt":"2025-06-29T08:44:54","slug":"gollner-albert","status":"publish","type":"product","link":"https:\/\/uj.adatbank.ro\/lexikon\/termek\/gollner-albert\/","title":{"rendered":"G\u00d6LLNER Albert"},"content":{"rendered":"<p>? \u2020 ?: m\u0171\u00e9p\u00edt\u00e9sz. \u2013 Birtok\u00e1ba ker\u00fclt Sz\u00e1szr\u00e9gen f\u0151ter\u00e9n a 10-es sz. lak\u00f3h\u00e1z (1925\u2013), amely t\u00f6bb m\u00e1s h\u00e1zzal igyid\u0151ben \u00e9p\u00fclt (1860\u2013). Ezeket mind \u00e1llamos\u00edtott\u00e1k (1950). <br \/><strong>Irod.:<\/strong> Regh. Cult. (10., 2010)<\/br><\/p>\n","protected":false},"excerpt":{"rendered":"<p>? \u2020 ?: m\u0171\u00e9p\u00edt\u00e9sz. \u2013 Birtok\u00e1ba ker\u00fclt Sz\u00e1szr\u00e9gen f\u0151ter\u00e9n a 10-es sz. lak\u00f3h\u00e1z (1925\u2013), amely t\u00f6bb m\u00e1s h\u00e1zzal igyid\u0151ben \u00e9p\u00fclt (1860\u2013). Ezeket mind \u00e1llamos\u00edtott\u00e1k (1950). Irod.: Regh. Cult. (10., 2010)<\/p>\n","protected":false},"featured_media":0,"comment_status":"open","ping_status":"closed","template":"","meta":[],"product_brand":[],"product_cat":[137],"product_tag":[],"class_list":{"0":"post-8982","1":"product","2":"type-product","3":"status-publish","5":"product_cat-maros-megyei-eletrajzi-lexikon","7":"first","8":"instock","9":"shipping-taxable","10":"product-type-simple"},"_links":{"self":[{"href":"https:\/\/uj.adatbank.ro\/lexikon\/wp-json\/wp\/v2\/product\/8982","targetHints":{"allow":["GET"]}}],"collection":[{"href":"https:\/\/uj.adatbank.ro\/lexikon\/wp-json\/wp\/v2\/product"}],"about":[{"href":"https:\/\/uj.adatbank.ro\/lexikon\/wp-json\/wp\/v2\/types\/product"}],"replies":[{"embeddable":true,"href":"https:\/\/uj.adatbank.ro\/lexikon\/wp-json\/wp\/v2\/comments?post=8982"}],"wp:attachment":[{"href":"https:\/\/uj.adatbank.ro\/lexikon\/wp-json\/wp\/v2\/media?parent=8982"}],"wp:term":[{"taxonomy":"product_brand","embeddable":true,"href":"https:\/\/uj.adatbank.ro\/lexikon\/wp-json\/wp\/v2\/product_brand?post=8982"},{"taxonomy":"product_cat","embeddable":true,"href":"https:\/\/uj.adatbank.ro\/lexikon\/wp-json\/wp\/v2\/product_cat?post=8982"},{"taxonomy":"product_tag","embeddable":true,"href":"https:\/\/uj.adatbank.ro\/lexikon\/wp-json\/wp\/v2\/product_tag?post=8982"}],"curies":[{"name":"wp","href":"https:\/\/api.w.org\/{rel}","templated":true}]}}