{"id":8983,"date":"2025-06-29T10:44:55","date_gmt":"2025-06-29T08:44:55","guid":{"rendered":"https:\/\/uj.adatbank.ro\/lexikon\/termek\/golnhofer-jozefa-petri-janosne\/"},"modified":"2025-06-29T10:44:55","modified_gmt":"2025-06-29T08:44:55","slug":"golnhofer-jozefa-petri-janosne","status":"publish","type":"product","link":"https:\/\/uj.adatbank.ro\/lexikon\/termek\/golnhofer-jozefa-petri-janosne\/","title":{"rendered":"GOLNHOFER Jozefa, Petri J\u00e1nosn\u00e9"},"content":{"rendered":"<p>? \u2020\u00a0? : pedag\u00f3gus. \u2013 Le\u00e1nynevel\u0151 int\u00e9zetet vezettek f\u00e9rj\u00e9vel k\u00f6z\u00f6sen, a tanul\u00f3k \u00e9vv\u00e9gi nyilv\u00e1nos vizsg\u00e1t tettek. A Szentgy\u00f6rgy utcai Cs\u00edki-h\u00e1zban m\u0171k\u00f6dtek (1866\u201367). <br \/><strong>Irod.:<\/strong> Id\u0151t\u00e1r 5 \/1.<\/br><\/p>\n","protected":false},"excerpt":{"rendered":"<p>? \u2020\u00a0? : pedag\u00f3gus. \u2013 Le\u00e1nynevel\u0151 int\u00e9zetet vezettek f\u00e9rj\u00e9vel k\u00f6z\u00f6sen, a tanul\u00f3k \u00e9vv\u00e9gi nyilv\u00e1nos vizsg\u00e1t tettek. A Szentgy\u00f6rgy utcai Cs\u00edki-h\u00e1zban m\u0171k\u00f6dtek (1866\u201367). Irod.: Id\u0151t\u00e1r 5 \/1.<\/p>\n","protected":false},"featured_media":0,"comment_status":"open","ping_status":"closed","template":"","meta":[],"product_brand":[],"product_cat":[137],"product_tag":[],"class_list":{"0":"post-8983","1":"product","2":"type-product","3":"status-publish","5":"product_cat-maros-megyei-eletrajzi-lexikon","7":"first","8":"instock","9":"shipping-taxable","10":"product-type-simple"},"_links":{"self":[{"href":"https:\/\/uj.adatbank.ro\/lexikon\/wp-json\/wp\/v2\/product\/8983","targetHints":{"allow":["GET"]}}],"collection":[{"href":"https:\/\/uj.adatbank.ro\/lexikon\/wp-json\/wp\/v2\/product"}],"about":[{"href":"https:\/\/uj.adatbank.ro\/lexikon\/wp-json\/wp\/v2\/types\/product"}],"replies":[{"embeddable":true,"href":"https:\/\/uj.adatbank.ro\/lexikon\/wp-json\/wp\/v2\/comments?post=8983"}],"wp:attachment":[{"href":"https:\/\/uj.adatbank.ro\/lexikon\/wp-json\/wp\/v2\/media?parent=8983"}],"wp:term":[{"taxonomy":"product_brand","embeddable":true,"href":"https:\/\/uj.adatbank.ro\/lexikon\/wp-json\/wp\/v2\/product_brand?post=8983"},{"taxonomy":"product_cat","embeddable":true,"href":"https:\/\/uj.adatbank.ro\/lexikon\/wp-json\/wp\/v2\/product_cat?post=8983"},{"taxonomy":"product_tag","embeddable":true,"href":"https:\/\/uj.adatbank.ro\/lexikon\/wp-json\/wp\/v2\/product_tag?post=8983"}],"curies":[{"name":"wp","href":"https:\/\/api.w.org\/{rel}","templated":true}]}}