{"id":8986,"date":"2025-06-29T10:45:01","date_gmt":"2025-06-29T08:45:01","guid":{"rendered":"https:\/\/uj.adatbank.ro\/lexikon\/termek\/gombas-gyorgy\/"},"modified":"2025-06-29T10:45:01","modified_gmt":"2025-06-29T08:45:01","slug":"gombas-gyorgy","status":"publish","type":"product","link":"https:\/\/uj.adatbank.ro\/lexikon\/termek\/gombas-gyorgy\/","title":{"rendered":"GOMB\u00c1S Gy\u00f6rgy"},"content":{"rendered":"<p>? \u2020\u00a0? : asztalos. \u2013 Backamadarasi sz\u00e1rmaz\u00e1s\u00fa. A magafizette, otthonr\u00f3l hozott seg\u00e9dekkel dolgozott a koronkai Toldalagiak kast\u00e9ly\u00e1nak \u00e9p\u00edt\u00e9s\u00e9n (18. sz.). <br \/><strong>Irod.:<\/strong> P\u00e9terfy 2005<\/br><\/p>\n","protected":false},"excerpt":{"rendered":"<p>? \u2020\u00a0? : asztalos. \u2013 Backamadarasi sz\u00e1rmaz\u00e1s\u00fa. A magafizette, otthonr\u00f3l hozott seg\u00e9dekkel dolgozott a koronkai Toldalagiak kast\u00e9ly\u00e1nak \u00e9p\u00edt\u00e9s\u00e9n (18. sz.). Irod.: P\u00e9terfy 2005<\/p>\n","protected":false},"featured_media":0,"comment_status":"open","ping_status":"closed","template":"","meta":[],"product_brand":[],"product_cat":[137],"product_tag":[],"class_list":{"0":"post-8986","1":"product","2":"type-product","3":"status-publish","5":"product_cat-maros-megyei-eletrajzi-lexikon","7":"first","8":"instock","9":"shipping-taxable","10":"product-type-simple"},"_links":{"self":[{"href":"https:\/\/uj.adatbank.ro\/lexikon\/wp-json\/wp\/v2\/product\/8986","targetHints":{"allow":["GET"]}}],"collection":[{"href":"https:\/\/uj.adatbank.ro\/lexikon\/wp-json\/wp\/v2\/product"}],"about":[{"href":"https:\/\/uj.adatbank.ro\/lexikon\/wp-json\/wp\/v2\/types\/product"}],"replies":[{"embeddable":true,"href":"https:\/\/uj.adatbank.ro\/lexikon\/wp-json\/wp\/v2\/comments?post=8986"}],"wp:attachment":[{"href":"https:\/\/uj.adatbank.ro\/lexikon\/wp-json\/wp\/v2\/media?parent=8986"}],"wp:term":[{"taxonomy":"product_brand","embeddable":true,"href":"https:\/\/uj.adatbank.ro\/lexikon\/wp-json\/wp\/v2\/product_brand?post=8986"},{"taxonomy":"product_cat","embeddable":true,"href":"https:\/\/uj.adatbank.ro\/lexikon\/wp-json\/wp\/v2\/product_cat?post=8986"},{"taxonomy":"product_tag","embeddable":true,"href":"https:\/\/uj.adatbank.ro\/lexikon\/wp-json\/wp\/v2\/product_tag?post=8986"}],"curies":[{"name":"wp","href":"https:\/\/api.w.org\/{rel}","templated":true}]}}