{"id":8987,"date":"2025-06-29T10:45:03","date_gmt":"2025-06-29T08:45:03","guid":{"rendered":"https:\/\/uj.adatbank.ro\/lexikon\/termek\/gombas-gyula\/"},"modified":"2025-06-29T10:45:03","modified_gmt":"2025-06-29T08:45:03","slug":"gombas-gyula","status":"publish","type":"product","link":"https:\/\/uj.adatbank.ro\/lexikon\/termek\/gombas-gyula\/","title":{"rendered":"GOMB\u00c1S Gyula"},"content":{"rendered":"<p>1868.? \u2020\u00a0Mv., 1928. okt. 28.: f\u0151tan\u00e1csos. \u2013 Testv\u00e9rei: Anna Papp Domokosn\u00e9; Ilona Vittich J\u00f3zsefn\u00e9; Korn\u00e9lia Csegzy \u00c1rp\u00e1dn\u00e9; Albert, feles\u00e9ge: Kov\u00e1cs Johanna. Gyermekeik: Endre, J\u00e1nos, Ferenc. \u2013 F\u0151sz\u00e1mtan\u00e1csos, Marostorda vm.-i sz\u00e1mvev\u0151s\u00e9gi f\u0151n\u00f6k. <br \/><strong>Irod.:<\/strong> Gy\u00e1szjelent\u0151<\/br><\/p>\n","protected":false},"excerpt":{"rendered":"<p>1868.? \u2020\u00a0Mv., 1928. okt. 28.: f\u0151tan\u00e1csos. \u2013 Testv\u00e9rei: Anna Papp Domokosn\u00e9; Ilona Vittich J\u00f3zsefn\u00e9; Korn\u00e9lia Csegzy \u00c1rp\u00e1dn\u00e9; Albert, feles\u00e9ge: Kov\u00e1cs Johanna. Gyermekeik: Endre, J\u00e1nos, Ferenc. \u2013 F\u0151sz\u00e1mtan\u00e1csos, Marostorda vm.-i sz\u00e1mvev\u0151s\u00e9gi f\u0151n\u00f6k. Irod.: Gy\u00e1szjelent\u0151<\/p>\n","protected":false},"featured_media":0,"comment_status":"open","ping_status":"closed","template":"","meta":[],"product_brand":[],"product_cat":[137],"product_tag":[],"class_list":{"0":"post-8987","1":"product","2":"type-product","3":"status-publish","5":"product_cat-maros-megyei-eletrajzi-lexikon","7":"first","8":"instock","9":"shipping-taxable","10":"product-type-simple"},"_links":{"self":[{"href":"https:\/\/uj.adatbank.ro\/lexikon\/wp-json\/wp\/v2\/product\/8987","targetHints":{"allow":["GET"]}}],"collection":[{"href":"https:\/\/uj.adatbank.ro\/lexikon\/wp-json\/wp\/v2\/product"}],"about":[{"href":"https:\/\/uj.adatbank.ro\/lexikon\/wp-json\/wp\/v2\/types\/product"}],"replies":[{"embeddable":true,"href":"https:\/\/uj.adatbank.ro\/lexikon\/wp-json\/wp\/v2\/comments?post=8987"}],"wp:attachment":[{"href":"https:\/\/uj.adatbank.ro\/lexikon\/wp-json\/wp\/v2\/media?parent=8987"}],"wp:term":[{"taxonomy":"product_brand","embeddable":true,"href":"https:\/\/uj.adatbank.ro\/lexikon\/wp-json\/wp\/v2\/product_brand?post=8987"},{"taxonomy":"product_cat","embeddable":true,"href":"https:\/\/uj.adatbank.ro\/lexikon\/wp-json\/wp\/v2\/product_cat?post=8987"},{"taxonomy":"product_tag","embeddable":true,"href":"https:\/\/uj.adatbank.ro\/lexikon\/wp-json\/wp\/v2\/product_tag?post=8987"}],"curies":[{"name":"wp","href":"https:\/\/api.w.org\/{rel}","templated":true}]}}