{"id":8993,"date":"2025-06-29T10:45:17","date_gmt":"2025-06-29T08:45:17","guid":{"rendered":"https:\/\/uj.adatbank.ro\/lexikon\/termek\/gombasi-istvan-marosvasarhelyi-gombasi-stephanus\/"},"modified":"2025-06-29T10:45:17","modified_gmt":"2025-06-29T08:45:17","slug":"gombasi-istvan-marosvasarhelyi-gombasi-stephanus","status":"publish","type":"product","link":"https:\/\/uj.adatbank.ro\/lexikon\/termek\/gombasi-istvan-marosvasarhelyi-gombasi-stephanus\/","title":{"rendered":"GOMB\u00c1SI Istv\u00e1n, marosv\u00e1s\u00e1rhelyi, Gombasi Stephanus"},"content":{"rendered":"<p>Mv., 1745, \u2020 Ny\u00e1r\u00e1dkar\u00e1csonyfalva, 1814 ut\u00e1n: ref. lelk\u00e9sz, egyh\u00e1zi \u00edr\u00f3. \u2013 Fogarasi Papp J\u00f3zsef bar\u00e1tja \u00e9s s\u00f3gora, id. Abacs J\u00e1nosnak veje. \u2013 Tanult Mv.-en, gr. L\u00e1z\u00e1r J\u00e1nos \u00e9s gr. Toldalagi Istv\u00e1n udvar\u00e1ban volt nevel\u0151. Subscrib\u00e1lt (1766). Lelk\u00e9sznek v\u00e1lasztott\u00e1k Berekereszt\u00faron (1766), egy \u00e9v ut\u00e1n a marburgi \u00e9s franekeri egyetemeket l\u00e1togatta (1767\u201368). Hazaj\u0151ve lelk\u00e9sz Sz\u00e9kelykereszt\u00faron (1769\u201373), Harangl\u00e1bon (1773), \u00d3tord\u00e1n (1774), Nagysaj\u00f3n, ism\u00e9t \u00d3tord\u00e1n (1776), ahol tan\u00edt\u00f3 \u2013 k\u00e1pl\u00e1n is; Borosbenedeken (1777); Harasztkereken (1778\u201381); Mez\u0151madarason (1782\u201394), M\u00e1rkodon (1795\u20131808) \u00e9s Ny\u00e1r\u00e1dkar\u00e1csonyfalv\u00e1n (1808\u201314). Mez\u0151madarasi lek\u00e9sz kor\u00e1ban szerk. -tette a Fogarasi hal\u00e1l\u00e1ra k\u00e9sz\u00fclt halotti b\u00facs\u00faztat\u00f3 gy\u0171jtem\u00e9nyt (1785). Gy\u00e1szverset \u00edrt a Fogarasi Pap J\u00f3zsef hal\u00e1l\u00e1ra (1785.). Kit\u0171n\u0151 m\u0171velts\u00e9g\u0171 \u00e9s jeles pr\u00e9dik\u00e1ci\u00f3ir\u00f3l volt h\u00edres, gyakorlat\u00e1ban \u00e9s elm\u00e9leti tan\u00e1csaiban az egyszer\u0171 n\u00e9p ig\u00e9nyeit tartotta szem el\u0151tt. A francia \u00e9s n\u00e9met irodalomb\u00f3l ford\u00edtott. Leford\u00edtotta Jean Frederic Ostervald papi hivat\u00e1sr\u00f3l \u00edrt m\u0171v\u00e9t, amely Medgyesi P\u00e1l homiletik\u00e1ja ut\u00e1n a m\u00e1sodik \u00e1tfog\u00f3, rendszeres m. nyelv\u0171 egyh\u00e1zi retorika. Mez\u0151madarasr\u00f3l Arank\u00e1hoz \u00edrt (1785) n\u00e9h\u00e1ny level\u00e9t \u00e9s k\u00f6ltem\u00e9ny\u00e9t k\u00f6zli a Figyel\u0151. \u2013 <strong>F. m.:<\/strong> Ahmedis Arabsiadae vitae et rerum gestarum Timuri historia, tomi II., pars quinta=Samuel Henricus Manger, (Franequerae, 1768); Mind a j\u00f3akar\u00f3kat mind a gonoszokat az Istent\u0151l vett J\u00f3b: B\u00e1r\u00f3 Kem\u00e9ny Mikl\u00f3s. kopors\u00f3ba val\u00f3 t\u00e9tele alkalmatoss\u00e1g\u00e1val vigasztal\u00e1st k\u00edv\u00e1nt nyujtani a nagysaj\u00f3i gy\u00e1szpalot\u00e1n. 1775. Szent-Gy\u00f6rgy hava. 23. (Kv., 1778); Egyn\u00e9h\u00e1ny v\u00e1logatott, \u00e9s sz\u00fcks\u00e9gesebb mat\u00e9ri\u00e1kra val\u00f3 pr\u00e9dik\u00e1tzi\u00f3k. Mellyeket frantzia \u00e9s n\u00e9met nyelvekb\u0151l magyarra ford\u00edtott, \u00e9s holmi jegyzeget\u00e9sekkel meg-b\u0151v\u00edtve, k\u00f6z\u00f6ns\u00e9gess\u00e9 tett. (Kv., 1779); Harmintzn\u00e9gy pr\u00e9dik\u00e1tzi\u00f3k, mellyeket nagyobb\u00e1ra frantzia \u00e9s n\u00e9met nyelvekb\u0151l tolm\u00e1tsolt, \u00e9s sz\u00fcks\u00e9ges jegyz\u00e9sekkel kivil\u00e1gositv\u00e1n, vil\u00e1g eleibe bots\u00e1tott, 1\u20132. (Kv., 1784); A papi szent hivatal gyakorl\u00e1s\u00e1r\u00f3l val\u00f3 trakt\u00e1knak els\u0151 \u00e9s m\u00e1sodik darabja, mely tan\u00edt a pr\u00e9dik\u00e1l\u00e1sr\u00f3l, \u00e9s az ifjak tan\u00edt\u00e1sakr\u00f3l. J-F. Osterwald m\u0171v\u00e9nek ford. (Kv., 1784); Socrates redivivus. (szerk. Kv., 1785). <br \/><strong>Irod.:<\/strong> Guly\u00e1s; Halotti besz\u00e9dek; Kiss-K\u00e1lm\u00e1n-Bierbrunner; Kov\u00e1sznai; K\u00fck\u00fcll\u0151i Ref. Egyh\u00e1zm. 2.; MAM\u0170L; RMK III\/18. sz.; R\u00f3th: Sz\u00fcletett nyelv\u00fcnk\u00f6n; RNL; Szab\u00f3\u2013Sz\u00f6gi; Szentgy\u00f6rgyi; Szinnyei; \u00daM\u00c9L; \u00daMIL, Zov\u00e1nyi<\/br><\/p>\n","protected":false},"excerpt":{"rendered":"<p>Mv., 1745, \u2020 Ny\u00e1r\u00e1dkar\u00e1csonyfalva, 1814 ut\u00e1n: ref. lelk\u00e9sz, egyh\u00e1zi \u00edr\u00f3. \u2013 Fogarasi Papp J\u00f3zsef bar\u00e1tja \u00e9s s\u00f3gora, id. Abacs J\u00e1nosnak veje. \u2013 Tanult Mv.-en, gr. L\u00e1z\u00e1r J\u00e1nos \u00e9s gr. Toldalagi Istv\u00e1n udvar\u00e1ban volt nevel\u0151. Subscrib\u00e1lt (1766). Lelk\u00e9sznek v\u00e1lasztott\u00e1k Berekereszt\u00faron (1766), egy \u00e9v ut\u00e1n a marburgi \u00e9s franekeri egyetemeket l\u00e1togatta (1767\u201368). Hazaj\u0151ve lelk\u00e9sz Sz\u00e9kelykereszt\u00faron (1769\u201373), Harangl\u00e1bon [&hellip;]<\/p>\n","protected":false},"featured_media":0,"comment_status":"open","ping_status":"closed","template":"","meta":[],"product_brand":[],"product_cat":[137],"product_tag":[],"class_list":{"0":"post-8993","1":"product","2":"type-product","3":"status-publish","5":"product_cat-maros-megyei-eletrajzi-lexikon","7":"first","8":"instock","9":"shipping-taxable","10":"product-type-simple"},"_links":{"self":[{"href":"https:\/\/uj.adatbank.ro\/lexikon\/wp-json\/wp\/v2\/product\/8993","targetHints":{"allow":["GET"]}}],"collection":[{"href":"https:\/\/uj.adatbank.ro\/lexikon\/wp-json\/wp\/v2\/product"}],"about":[{"href":"https:\/\/uj.adatbank.ro\/lexikon\/wp-json\/wp\/v2\/types\/product"}],"replies":[{"embeddable":true,"href":"https:\/\/uj.adatbank.ro\/lexikon\/wp-json\/wp\/v2\/comments?post=8993"}],"wp:attachment":[{"href":"https:\/\/uj.adatbank.ro\/lexikon\/wp-json\/wp\/v2\/media?parent=8993"}],"wp:term":[{"taxonomy":"product_brand","embeddable":true,"href":"https:\/\/uj.adatbank.ro\/lexikon\/wp-json\/wp\/v2\/product_brand?post=8993"},{"taxonomy":"product_cat","embeddable":true,"href":"https:\/\/uj.adatbank.ro\/lexikon\/wp-json\/wp\/v2\/product_cat?post=8993"},{"taxonomy":"product_tag","embeddable":true,"href":"https:\/\/uj.adatbank.ro\/lexikon\/wp-json\/wp\/v2\/product_tag?post=8993"}],"curies":[{"name":"wp","href":"https:\/\/api.w.org\/{rel}","templated":true}]}}