{"id":8995,"date":"2025-06-29T10:45:19","date_gmt":"2025-06-29T08:45:19","guid":{"rendered":"https:\/\/uj.adatbank.ro\/lexikon\/termek\/gombkoto-miklos\/"},"modified":"2025-06-29T10:45:19","modified_gmt":"2025-06-29T08:45:19","slug":"gombkoto-miklos","status":"publish","type":"product","link":"https:\/\/uj.adatbank.ro\/lexikon\/termek\/gombkoto-miklos\/","title":{"rendered":"GOMBK\u00d6T\u0150 Mikl\u00f3s"},"content":{"rendered":"<p>? \u2020\u00a0Mv., 1735: tan\u00e1csos. \u2013 Mv.-i v\u00e1rosi tan\u00e1csos. \u2013 A r. k. Keresztel\u0151 Szent J\u00e1nos Pl\u00e9b\u00e1ni\u00e1j\u00e1nak kript\u00e1j\u00e1ba helyezt\u00e9k \u00f6r\u00f6k nyugalomra. <br \/><strong>Irod.:<\/strong> Kripta<\/br><\/p>\n","protected":false},"excerpt":{"rendered":"<p>? \u2020\u00a0Mv., 1735: tan\u00e1csos. \u2013 Mv.-i v\u00e1rosi tan\u00e1csos. \u2013 A r. k. Keresztel\u0151 Szent J\u00e1nos Pl\u00e9b\u00e1ni\u00e1j\u00e1nak kript\u00e1j\u00e1ba helyezt\u00e9k \u00f6r\u00f6k nyugalomra. Irod.: Kripta<\/p>\n","protected":false},"featured_media":0,"comment_status":"open","ping_status":"closed","template":"","meta":[],"product_brand":[],"product_cat":[137],"product_tag":[],"class_list":{"0":"post-8995","1":"product","2":"type-product","3":"status-publish","5":"product_cat-maros-megyei-eletrajzi-lexikon","7":"first","8":"instock","9":"shipping-taxable","10":"product-type-simple"},"_links":{"self":[{"href":"https:\/\/uj.adatbank.ro\/lexikon\/wp-json\/wp\/v2\/product\/8995","targetHints":{"allow":["GET"]}}],"collection":[{"href":"https:\/\/uj.adatbank.ro\/lexikon\/wp-json\/wp\/v2\/product"}],"about":[{"href":"https:\/\/uj.adatbank.ro\/lexikon\/wp-json\/wp\/v2\/types\/product"}],"replies":[{"embeddable":true,"href":"https:\/\/uj.adatbank.ro\/lexikon\/wp-json\/wp\/v2\/comments?post=8995"}],"wp:attachment":[{"href":"https:\/\/uj.adatbank.ro\/lexikon\/wp-json\/wp\/v2\/media?parent=8995"}],"wp:term":[{"taxonomy":"product_brand","embeddable":true,"href":"https:\/\/uj.adatbank.ro\/lexikon\/wp-json\/wp\/v2\/product_brand?post=8995"},{"taxonomy":"product_cat","embeddable":true,"href":"https:\/\/uj.adatbank.ro\/lexikon\/wp-json\/wp\/v2\/product_cat?post=8995"},{"taxonomy":"product_tag","embeddable":true,"href":"https:\/\/uj.adatbank.ro\/lexikon\/wp-json\/wp\/v2\/product_tag?post=8995"}],"curies":[{"name":"wp","href":"https:\/\/api.w.org\/{rel}","templated":true}]}}