{"id":8997,"date":"2025-06-29T10:45:24","date_gmt":"2025-06-29T08:45:24","guid":{"rendered":"https:\/\/uj.adatbank.ro\/lexikon\/termek\/gombos-erno\/"},"modified":"2025-06-29T10:45:24","modified_gmt":"2025-06-29T08:45:24","slug":"gombos-erno","status":"publish","type":"product","link":"https:\/\/uj.adatbank.ro\/lexikon\/termek\/gombos-erno\/","title":{"rendered":"GOMBOS Ern\u0151"},"content":{"rendered":"<p>Mv., 1928. jan. 21., \u2020\u00a0? : szobafest\u0151. \u2013 Tiltott hat\u00e1r\u00e1tl\u00e9p\u00e9s k\u00eds\u00e9rlete miatt tart\u00f3ztatt\u00e1k le, h\u00e1rom t\u00e1rs\u00e1val egy\u00fctt (1958. m\u00e1j. 17.) \u00e9s \u00e1ll\u00edtott\u00e1k b\u00edr\u00f3s\u00e1g el\u00e9. <br \/><strong>Irod.:<\/strong> 1956 Erd\u00e9lyben; Id\u0151t\u00e1r 4.<\/br><\/p>\n","protected":false},"excerpt":{"rendered":"<p>Mv., 1928. jan. 21., \u2020\u00a0? : szobafest\u0151. \u2013 Tiltott hat\u00e1r\u00e1tl\u00e9p\u00e9s k\u00eds\u00e9rlete miatt tart\u00f3ztatt\u00e1k le, h\u00e1rom t\u00e1rs\u00e1val egy\u00fctt (1958. m\u00e1j. 17.) \u00e9s \u00e1ll\u00edtott\u00e1k b\u00edr\u00f3s\u00e1g el\u00e9. Irod.: 1956 Erd\u00e9lyben; Id\u0151t\u00e1r 4.<\/p>\n","protected":false},"featured_media":0,"comment_status":"open","ping_status":"closed","template":"","meta":[],"product_brand":[],"product_cat":[137],"product_tag":[],"class_list":{"0":"post-8997","1":"product","2":"type-product","3":"status-publish","5":"product_cat-maros-megyei-eletrajzi-lexikon","7":"first","8":"instock","9":"shipping-taxable","10":"product-type-simple"},"_links":{"self":[{"href":"https:\/\/uj.adatbank.ro\/lexikon\/wp-json\/wp\/v2\/product\/8997","targetHints":{"allow":["GET"]}}],"collection":[{"href":"https:\/\/uj.adatbank.ro\/lexikon\/wp-json\/wp\/v2\/product"}],"about":[{"href":"https:\/\/uj.adatbank.ro\/lexikon\/wp-json\/wp\/v2\/types\/product"}],"replies":[{"embeddable":true,"href":"https:\/\/uj.adatbank.ro\/lexikon\/wp-json\/wp\/v2\/comments?post=8997"}],"wp:attachment":[{"href":"https:\/\/uj.adatbank.ro\/lexikon\/wp-json\/wp\/v2\/media?parent=8997"}],"wp:term":[{"taxonomy":"product_brand","embeddable":true,"href":"https:\/\/uj.adatbank.ro\/lexikon\/wp-json\/wp\/v2\/product_brand?post=8997"},{"taxonomy":"product_cat","embeddable":true,"href":"https:\/\/uj.adatbank.ro\/lexikon\/wp-json\/wp\/v2\/product_cat?post=8997"},{"taxonomy":"product_tag","embeddable":true,"href":"https:\/\/uj.adatbank.ro\/lexikon\/wp-json\/wp\/v2\/product_tag?post=8997"}],"curies":[{"name":"wp","href":"https:\/\/api.w.org\/{rel}","templated":true}]}}