{"id":9000,"date":"2025-06-29T10:45:33","date_gmt":"2025-06-29T08:45:33","guid":{"rendered":"https:\/\/uj.adatbank.ro\/lexikon\/termek\/gombosiu-virgil\/"},"modified":"2025-06-29T10:45:33","modified_gmt":"2025-06-29T08:45:33","slug":"gombosiu-virgil","status":"publish","type":"product","link":"https:\/\/uj.adatbank.ro\/lexikon\/termek\/gombosiu-virgil\/","title":{"rendered":"GOMBO\u015eIU Virgil"},"content":{"rendered":"<p>Szolcsva, 1905., \u2020\u00a0Mv., 1976.: jog\u00e1sz. \u2013 Mv.-en jog\u00e1sz (1948\u201376). A mv.-i Liviu Rebrreanu Irodalmi K\u00f6r tagja. Elbesz\u00e9l\u00e9seket k\u00f6z\u00f6lt. \u2013 <strong>F. m.:<\/strong> Moc\u0103ni\u0163a: povestiri din Mun\u0163ii Apuseni (Buc., 1977); <strong>antol\u00f3g.:<\/strong> Pagini mure\u015fene (Tg. M., 1964, 1967, 1979). <br \/><strong>Irod.:<\/strong> Cosma<\/br><\/p>\n","protected":false},"excerpt":{"rendered":"<p>Szolcsva, 1905., \u2020\u00a0Mv., 1976.: jog\u00e1sz. \u2013 Mv.-en jog\u00e1sz (1948\u201376). A mv.-i Liviu Rebrreanu Irodalmi K\u00f6r tagja. Elbesz\u00e9l\u00e9seket k\u00f6z\u00f6lt. \u2013 F. m.: Moc\u0103ni\u0163a: povestiri din Mun\u0163ii Apuseni (Buc., 1977); antol\u00f3g.: Pagini mure\u015fene (Tg. M., 1964, 1967, 1979). Irod.: Cosma<\/p>\n","protected":false},"featured_media":0,"comment_status":"open","ping_status":"closed","template":"","meta":[],"product_brand":[],"product_cat":[137],"product_tag":[],"class_list":{"0":"post-9000","1":"product","2":"type-product","3":"status-publish","5":"product_cat-maros-megyei-eletrajzi-lexikon","7":"first","8":"instock","9":"shipping-taxable","10":"product-type-simple"},"_links":{"self":[{"href":"https:\/\/uj.adatbank.ro\/lexikon\/wp-json\/wp\/v2\/product\/9000","targetHints":{"allow":["GET"]}}],"collection":[{"href":"https:\/\/uj.adatbank.ro\/lexikon\/wp-json\/wp\/v2\/product"}],"about":[{"href":"https:\/\/uj.adatbank.ro\/lexikon\/wp-json\/wp\/v2\/types\/product"}],"replies":[{"embeddable":true,"href":"https:\/\/uj.adatbank.ro\/lexikon\/wp-json\/wp\/v2\/comments?post=9000"}],"wp:attachment":[{"href":"https:\/\/uj.adatbank.ro\/lexikon\/wp-json\/wp\/v2\/media?parent=9000"}],"wp:term":[{"taxonomy":"product_brand","embeddable":true,"href":"https:\/\/uj.adatbank.ro\/lexikon\/wp-json\/wp\/v2\/product_brand?post=9000"},{"taxonomy":"product_cat","embeddable":true,"href":"https:\/\/uj.adatbank.ro\/lexikon\/wp-json\/wp\/v2\/product_cat?post=9000"},{"taxonomy":"product_tag","embeddable":true,"href":"https:\/\/uj.adatbank.ro\/lexikon\/wp-json\/wp\/v2\/product_tag?post=9000"}],"curies":[{"name":"wp","href":"https:\/\/api.w.org\/{rel}","templated":true}]}}