{"id":9001,"date":"2025-06-29T10:45:34","date_gmt":"2025-06-29T08:45:34","guid":{"rendered":"https:\/\/uj.adatbank.ro\/lexikon\/termek\/gomori-emma-gyarmathy-gezane\/"},"modified":"2025-06-29T10:45:34","modified_gmt":"2025-06-29T08:45:34","slug":"gomori-emma-gyarmathy-gezane","status":"publish","type":"product","link":"https:\/\/uj.adatbank.ro\/lexikon\/termek\/gomori-emma-gyarmathy-gezane\/","title":{"rendered":"G\u00d6M\u00d6RI Emma, Gyarmathy G\u00e9z\u00e1n\u00e9"},"content":{"rendered":"<p>Arad, 1896. szept. 10., \u2020 Arad, 1974 v. 1978: sz\u00edn\u00e9szn\u0151. \u2013 K\u00fcl\u00f6nb\u00f6z\u0151 v\u00e1ndort\u00e1rsulatok tagja volt (\u20131948). Fell\u00e9pett: Arad, Temesv\u00e1r, Szatm\u00e1rn\u00e9meti, Nagyb\u00e1nya, D\u00e9s, Zilah, Nagyk\u00e1rolyban (1923\u201339), az Aradi Kamarasz\u00ednh\u00e1z (1939\u201340), majd az aradi N\u00e9psz\u00ednh\u00e1z tagja (1940\u201348); a mv.-i Sz\u00e9kely Sz\u00ednh\u00e1zhoz szerz\u0151d\u00f6tt (1948\u201362), \u00e9s j\u00f3 humor\u00e9rz\u00e9kkel k\u00fcl\u00f6nb\u00f6z\u0151 epiz\u00f3dszerepeket alak\u00edtott. Enyh\u00e9n groteszk p\u00e1rosjelenetei Varga J\u00f3zseffel mindig nagy sikert arattak. Nyugd\u00edjaz\u00e1sa ut\u00e1n visszavonult sz\u00fcl\u0151v\u00e1ros\u00e1ba (1962). \u2013 <strong>F. sz.:<\/strong> Leonora (Hirsch Hugo: Dolly); Havranekn\u00e9 (Farkas-Hars\u00e1nyi: M\u00e1jusi muzsika); Roticsn\u00e9 (Moln\u00e1r Ferenc: \u00dcvegcip\u0151); Egerv\u00e1ryn\u00e9 nemzetes asszony (Erd\u00e9lyi-Sz\u00e1nt\u00f3: Mit susog a feh\u00e9r ak\u00e1c), Pikoltn\u00e9 (Felix Candera: Volga b\u00e1r); Vikt\u00f3ria (Tam\u00e1ssy-Andai-Szil\u00e1gyi: Tommy \u00e9s t\u00e1rsa); Miza n\u00e9ni (M\u00f3ricz: Nem \u00e9lhetek muzsikasz\u00f3 n\u00e9lk\u00fcl); Igazgat\u00f3n\u0151 (Katajev: Bolondos vas\u00e1rnap); Zobunova (Gorkij: Jegor Bulicsov \u00e9s a t\u00f6bbiek); Anica (Demetrius: Mai emberek, 1953); Zsivka (Nu\u0161i\u015b: Kegyelmesasszony); B\u00e1bi (Szirmai A.: M\u00e9zeskal\u00e1cs); Mar\u00eda Josefa (Garc\u00eda Lorca: Bernarda Alba h\u00e1za), E. Mirea-Kov\u00e1cs Gy.: Az utols\u00f3 vonat (1957). <br \/><strong>Irod.:<\/strong> B\u00e9rczes; A H\u00e9t \u00e9vk\u00f6nyve; Kov\u00e1cs Levente; K\u00f6t\u0151; MSZL<\/br><\/p>\n","protected":false},"excerpt":{"rendered":"<p>Arad, 1896. szept. 10., \u2020 Arad, 1974 v. 1978: sz\u00edn\u00e9szn\u0151. \u2013 K\u00fcl\u00f6nb\u00f6z\u0151 v\u00e1ndort\u00e1rsulatok tagja volt (\u20131948). Fell\u00e9pett: Arad, Temesv\u00e1r, Szatm\u00e1rn\u00e9meti, Nagyb\u00e1nya, D\u00e9s, Zilah, Nagyk\u00e1rolyban (1923\u201339), az Aradi Kamarasz\u00ednh\u00e1z (1939\u201340), majd az aradi N\u00e9psz\u00ednh\u00e1z tagja (1940\u201348); a mv.-i Sz\u00e9kely Sz\u00ednh\u00e1zhoz szerz\u0151d\u00f6tt (1948\u201362), \u00e9s j\u00f3 humor\u00e9rz\u00e9kkel k\u00fcl\u00f6nb\u00f6z\u0151 epiz\u00f3dszerepeket alak\u00edtott. Enyh\u00e9n groteszk p\u00e1rosjelenetei Varga J\u00f3zseffel mindig nagy sikert [&hellip;]<\/p>\n","protected":false},"featured_media":0,"comment_status":"open","ping_status":"closed","template":"","meta":[],"product_brand":[],"product_cat":[137],"product_tag":[],"class_list":{"0":"post-9001","1":"product","2":"type-product","3":"status-publish","5":"product_cat-maros-megyei-eletrajzi-lexikon","7":"first","8":"instock","9":"shipping-taxable","10":"product-type-simple"},"_links":{"self":[{"href":"https:\/\/uj.adatbank.ro\/lexikon\/wp-json\/wp\/v2\/product\/9001","targetHints":{"allow":["GET"]}}],"collection":[{"href":"https:\/\/uj.adatbank.ro\/lexikon\/wp-json\/wp\/v2\/product"}],"about":[{"href":"https:\/\/uj.adatbank.ro\/lexikon\/wp-json\/wp\/v2\/types\/product"}],"replies":[{"embeddable":true,"href":"https:\/\/uj.adatbank.ro\/lexikon\/wp-json\/wp\/v2\/comments?post=9001"}],"wp:attachment":[{"href":"https:\/\/uj.adatbank.ro\/lexikon\/wp-json\/wp\/v2\/media?parent=9001"}],"wp:term":[{"taxonomy":"product_brand","embeddable":true,"href":"https:\/\/uj.adatbank.ro\/lexikon\/wp-json\/wp\/v2\/product_brand?post=9001"},{"taxonomy":"product_cat","embeddable":true,"href":"https:\/\/uj.adatbank.ro\/lexikon\/wp-json\/wp\/v2\/product_cat?post=9001"},{"taxonomy":"product_tag","embeddable":true,"href":"https:\/\/uj.adatbank.ro\/lexikon\/wp-json\/wp\/v2\/product_tag?post=9001"}],"curies":[{"name":"wp","href":"https:\/\/api.w.org\/{rel}","templated":true}]}}