{"id":9008,"date":"2025-06-29T10:45:48","date_gmt":"2025-06-29T08:45:48","guid":{"rendered":"https:\/\/uj.adatbank.ro\/lexikon\/termek\/gonczi-janos-3\/"},"modified":"2025-06-29T10:45:48","modified_gmt":"2025-06-29T08:45:48","slug":"gonczi-janos-3","status":"publish","type":"product","link":"https:\/\/uj.adatbank.ro\/lexikon\/termek\/gonczi-janos-3\/","title":{"rendered":"G\u00d6NCZI J\u00e1nos"},"content":{"rendered":"<p>1854., \u2020\u00a0? : tan\u00edt\u00f3. \u2013 A mv.-i Ref. Koll.-ban ideiglenes alkalmaz\u00e1sban tan\u00edtott (1896\u20131913). Gyors\u00edr\u00e1st tan\u00edtott a mv.-i elemi \u00e9s polg\u00e1ri le\u00e1nyiskol\u00e1ban (1918\u201320). <br \/><strong>Irod.:<\/strong> Eml\u00e9kk. Szab\u00f3 Mikl\u00f3s; Mv. t\u00f6rt. 2.<\/br><\/p>\n","protected":false},"excerpt":{"rendered":"<p>1854., \u2020\u00a0? : tan\u00edt\u00f3. \u2013 A mv.-i Ref. Koll.-ban ideiglenes alkalmaz\u00e1sban tan\u00edtott (1896\u20131913). Gyors\u00edr\u00e1st tan\u00edtott a mv.-i elemi \u00e9s polg\u00e1ri le\u00e1nyiskol\u00e1ban (1918\u201320). Irod.: Eml\u00e9kk. Szab\u00f3 Mikl\u00f3s; Mv. t\u00f6rt. 2.<\/p>\n","protected":false},"featured_media":0,"comment_status":"open","ping_status":"closed","template":"","meta":[],"product_brand":[],"product_cat":[137],"product_tag":[],"class_list":{"0":"post-9008","1":"product","2":"type-product","3":"status-publish","5":"product_cat-maros-megyei-eletrajzi-lexikon","7":"first","8":"instock","9":"shipping-taxable","10":"product-type-simple"},"_links":{"self":[{"href":"https:\/\/uj.adatbank.ro\/lexikon\/wp-json\/wp\/v2\/product\/9008","targetHints":{"allow":["GET"]}}],"collection":[{"href":"https:\/\/uj.adatbank.ro\/lexikon\/wp-json\/wp\/v2\/product"}],"about":[{"href":"https:\/\/uj.adatbank.ro\/lexikon\/wp-json\/wp\/v2\/types\/product"}],"replies":[{"embeddable":true,"href":"https:\/\/uj.adatbank.ro\/lexikon\/wp-json\/wp\/v2\/comments?post=9008"}],"wp:attachment":[{"href":"https:\/\/uj.adatbank.ro\/lexikon\/wp-json\/wp\/v2\/media?parent=9008"}],"wp:term":[{"taxonomy":"product_brand","embeddable":true,"href":"https:\/\/uj.adatbank.ro\/lexikon\/wp-json\/wp\/v2\/product_brand?post=9008"},{"taxonomy":"product_cat","embeddable":true,"href":"https:\/\/uj.adatbank.ro\/lexikon\/wp-json\/wp\/v2\/product_cat?post=9008"},{"taxonomy":"product_tag","embeddable":true,"href":"https:\/\/uj.adatbank.ro\/lexikon\/wp-json\/wp\/v2\/product_tag?post=9008"}],"curies":[{"name":"wp","href":"https:\/\/api.w.org\/{rel}","templated":true}]}}