{"id":9010,"date":"2025-06-29T10:45:54","date_gmt":"2025-06-29T08:45:54","guid":{"rendered":"https:\/\/uj.adatbank.ro\/lexikon\/termek\/gonczi-janos-markodi-geonczy-janos\/"},"modified":"2025-06-29T10:45:54","modified_gmt":"2025-06-29T08:45:54","slug":"gonczi-janos-markodi-geonczy-janos","status":"publish","type":"product","link":"https:\/\/uj.adatbank.ro\/lexikon\/termek\/gonczi-janos-markodi-geonczy-janos\/","title":{"rendered":"G\u00d6NCZI J\u00e1nos, m\u00e1rkodi, Ge\u00f6nczy J\u00e1nos"},"content":{"rendered":"<p>? \u2020\u00a0? : ?. \u2013 I. R\u00e1k\u00f3czi Ferenc kit\u00fcntetette (1640. m\u00e1j. 12.). <br \/><strong>Irod.:<\/strong> P\u00e1lmay<\/br><\/p>\n","protected":false},"excerpt":{"rendered":"<p>? \u2020\u00a0? : ?. \u2013 I. R\u00e1k\u00f3czi Ferenc kit\u00fcntetette (1640. m\u00e1j. 12.). Irod.: P\u00e1lmay<\/p>\n","protected":false},"featured_media":0,"comment_status":"open","ping_status":"closed","template":"","meta":[],"product_brand":[],"product_cat":[137],"product_tag":[],"class_list":{"0":"post-9010","1":"product","2":"type-product","3":"status-publish","5":"product_cat-maros-megyei-eletrajzi-lexikon","7":"first","8":"instock","9":"shipping-taxable","10":"product-type-simple"},"_links":{"self":[{"href":"https:\/\/uj.adatbank.ro\/lexikon\/wp-json\/wp\/v2\/product\/9010","targetHints":{"allow":["GET"]}}],"collection":[{"href":"https:\/\/uj.adatbank.ro\/lexikon\/wp-json\/wp\/v2\/product"}],"about":[{"href":"https:\/\/uj.adatbank.ro\/lexikon\/wp-json\/wp\/v2\/types\/product"}],"replies":[{"embeddable":true,"href":"https:\/\/uj.adatbank.ro\/lexikon\/wp-json\/wp\/v2\/comments?post=9010"}],"wp:attachment":[{"href":"https:\/\/uj.adatbank.ro\/lexikon\/wp-json\/wp\/v2\/media?parent=9010"}],"wp:term":[{"taxonomy":"product_brand","embeddable":true,"href":"https:\/\/uj.adatbank.ro\/lexikon\/wp-json\/wp\/v2\/product_brand?post=9010"},{"taxonomy":"product_cat","embeddable":true,"href":"https:\/\/uj.adatbank.ro\/lexikon\/wp-json\/wp\/v2\/product_cat?post=9010"},{"taxonomy":"product_tag","embeddable":true,"href":"https:\/\/uj.adatbank.ro\/lexikon\/wp-json\/wp\/v2\/product_tag?post=9010"}],"curies":[{"name":"wp","href":"https:\/\/api.w.org\/{rel}","templated":true}]}}