{"id":9016,"date":"2025-06-29T10:46:06","date_gmt":"2025-06-29T08:46:06","guid":{"rendered":"https:\/\/uj.adatbank.ro\/lexikon\/termek\/gonczy-janos\/"},"modified":"2025-06-29T10:46:06","modified_gmt":"2025-06-29T08:46:06","slug":"gonczy-janos","status":"publish","type":"product","link":"https:\/\/uj.adatbank.ro\/lexikon\/termek\/gonczy-janos\/","title":{"rendered":"G\u00d6NCZY J\u00e1nos"},"content":{"rendered":"<p>Koronka, 1883. nov. 3., \u2020\u00a0? : tan\u00e1r. \u2013 P\u00e1ly\u00e1j\u00e1t kezdte 1907-ben; Csepelen polg\u00e1ri iskolai tan\u00e1r (1919\u2013), uo. helyettes igazgat\u00f3 (1925\u2013), igazgat\u00f3 (1938\u2013). <br \/><strong>Irod.:<\/strong> Guly\u00e1s<\/br><\/p>\n","protected":false},"excerpt":{"rendered":"<p>Koronka, 1883. nov. 3., \u2020\u00a0? : tan\u00e1r. \u2013 P\u00e1ly\u00e1j\u00e1t kezdte 1907-ben; Csepelen polg\u00e1ri iskolai tan\u00e1r (1919\u2013), uo. helyettes igazgat\u00f3 (1925\u2013), igazgat\u00f3 (1938\u2013). Irod.: Guly\u00e1s<\/p>\n","protected":false},"featured_media":0,"comment_status":"open","ping_status":"closed","template":"","meta":[],"product_brand":[],"product_cat":[137],"product_tag":[],"class_list":{"0":"post-9016","1":"product","2":"type-product","3":"status-publish","5":"product_cat-maros-megyei-eletrajzi-lexikon","7":"first","8":"instock","9":"shipping-taxable","10":"product-type-simple"},"_links":{"self":[{"href":"https:\/\/uj.adatbank.ro\/lexikon\/wp-json\/wp\/v2\/product\/9016","targetHints":{"allow":["GET"]}}],"collection":[{"href":"https:\/\/uj.adatbank.ro\/lexikon\/wp-json\/wp\/v2\/product"}],"about":[{"href":"https:\/\/uj.adatbank.ro\/lexikon\/wp-json\/wp\/v2\/types\/product"}],"replies":[{"embeddable":true,"href":"https:\/\/uj.adatbank.ro\/lexikon\/wp-json\/wp\/v2\/comments?post=9016"}],"wp:attachment":[{"href":"https:\/\/uj.adatbank.ro\/lexikon\/wp-json\/wp\/v2\/media?parent=9016"}],"wp:term":[{"taxonomy":"product_brand","embeddable":true,"href":"https:\/\/uj.adatbank.ro\/lexikon\/wp-json\/wp\/v2\/product_brand?post=9016"},{"taxonomy":"product_cat","embeddable":true,"href":"https:\/\/uj.adatbank.ro\/lexikon\/wp-json\/wp\/v2\/product_cat?post=9016"},{"taxonomy":"product_tag","embeddable":true,"href":"https:\/\/uj.adatbank.ro\/lexikon\/wp-json\/wp\/v2\/product_tag?post=9016"}],"curies":[{"name":"wp","href":"https:\/\/api.w.org\/{rel}","templated":true}]}}