{"id":9017,"date":"2025-06-29T10:46:08","date_gmt":"2025-06-29T08:46:08","guid":{"rendered":"https:\/\/uj.adatbank.ro\/lexikon\/termek\/gonczy-janos-2\/"},"modified":"2025-06-29T10:46:08","modified_gmt":"2025-06-29T08:46:08","slug":"gonczy-janos-2","status":"publish","type":"product","link":"https:\/\/uj.adatbank.ro\/lexikon\/termek\/gonczy-janos-2\/","title":{"rendered":"G\u00d6NCZY J\u00e1nos"},"content":{"rendered":"<p>1853.? \u2020 Kv., 1929. aug. 26. Mv.-en temett\u00e9k : igazgat\u00f3 tan\u00edt\u00f3 \u2013 A mv.-i le\u00e1nyiskola tan\u00edt\u00f3ja (1875\u20131925). <br \/><strong>Irod.:<\/strong> Eml\u00e9kk\u00f6nyv a Marostordamegyei Tan\u00edt\u00f3-Test\u00fclet 25 \u00e9ves jubileuma alkalm\u00e1b\u00f3l (Mv., 1903); Gy\u00e1szjelent\u0151; V\u00e1s\u00e1rhelyi<\/br><\/p>\n","protected":false},"excerpt":{"rendered":"<p>1853.? \u2020 Kv., 1929. aug. 26. Mv.-en temett\u00e9k : igazgat\u00f3 tan\u00edt\u00f3 \u2013 A mv.-i le\u00e1nyiskola tan\u00edt\u00f3ja (1875\u20131925). Irod.: Eml\u00e9kk\u00f6nyv a Marostordamegyei Tan\u00edt\u00f3-Test\u00fclet 25 \u00e9ves jubileuma alkalm\u00e1b\u00f3l (Mv., 1903); Gy\u00e1szjelent\u0151; V\u00e1s\u00e1rhelyi<\/p>\n","protected":false},"featured_media":0,"comment_status":"open","ping_status":"closed","template":"","meta":[],"product_brand":[],"product_cat":[137],"product_tag":[],"class_list":{"0":"post-9017","1":"product","2":"type-product","3":"status-publish","5":"product_cat-maros-megyei-eletrajzi-lexikon","7":"first","8":"instock","9":"shipping-taxable","10":"product-type-simple"},"_links":{"self":[{"href":"https:\/\/uj.adatbank.ro\/lexikon\/wp-json\/wp\/v2\/product\/9017","targetHints":{"allow":["GET"]}}],"collection":[{"href":"https:\/\/uj.adatbank.ro\/lexikon\/wp-json\/wp\/v2\/product"}],"about":[{"href":"https:\/\/uj.adatbank.ro\/lexikon\/wp-json\/wp\/v2\/types\/product"}],"replies":[{"embeddable":true,"href":"https:\/\/uj.adatbank.ro\/lexikon\/wp-json\/wp\/v2\/comments?post=9017"}],"wp:attachment":[{"href":"https:\/\/uj.adatbank.ro\/lexikon\/wp-json\/wp\/v2\/media?parent=9017"}],"wp:term":[{"taxonomy":"product_brand","embeddable":true,"href":"https:\/\/uj.adatbank.ro\/lexikon\/wp-json\/wp\/v2\/product_brand?post=9017"},{"taxonomy":"product_cat","embeddable":true,"href":"https:\/\/uj.adatbank.ro\/lexikon\/wp-json\/wp\/v2\/product_cat?post=9017"},{"taxonomy":"product_tag","embeddable":true,"href":"https:\/\/uj.adatbank.ro\/lexikon\/wp-json\/wp\/v2\/product_tag?post=9017"}],"curies":[{"name":"wp","href":"https:\/\/api.w.org\/{rel}","templated":true}]}}