{"id":9019,"date":"2025-06-29T10:46:12","date_gmt":"2025-06-29T08:46:12","guid":{"rendered":"https:\/\/uj.adatbank.ro\/lexikon\/termek\/gondos-istvan-vajdaszentivanyi\/"},"modified":"2025-06-29T10:46:12","modified_gmt":"2025-06-29T08:46:12","slug":"gondos-istvan-vajdaszentivanyi","status":"publish","type":"product","link":"https:\/\/uj.adatbank.ro\/lexikon\/termek\/gondos-istvan-vajdaszentivanyi\/","title":{"rendered":"GONDOS Istv\u00e1n, vajdaszentiv\u00e1nyi"},"content":{"rendered":"<p>? \u2020\u00a0Vajdaszentiv\u00e1ny, 1847. dec. 5.: A mv.-i ref. koll. di\u00e1kja (1788). Marostordamegye nagyobb it\u00e9l\u0151sz\u00e9ke \u00e9s fels\u0151 ker\u00fclete \u00c1rvasz\u00e9k\u00e9nek tagja. Fi\u00fa\u00e1gon vele kihalt a sz\u00e9kely nemes, birtokos csal\u00e1d. <br \/><strong>Irod.:<\/strong> Bod S\u00e1ndor: V\u00e9gtiszteleti besz\u00e9d. (Mv., 1847); Vajdaszentiv\u00e1ny<\/br><\/p>\n","protected":false},"excerpt":{"rendered":"<p>? \u2020\u00a0Vajdaszentiv\u00e1ny, 1847. dec. 5.: A mv.-i ref. koll. di\u00e1kja (1788). Marostordamegye nagyobb it\u00e9l\u0151sz\u00e9ke \u00e9s fels\u0151 ker\u00fclete \u00c1rvasz\u00e9k\u00e9nek tagja. Fi\u00fa\u00e1gon vele kihalt a sz\u00e9kely nemes, birtokos csal\u00e1d. Irod.: Bod S\u00e1ndor: V\u00e9gtiszteleti besz\u00e9d. (Mv., 1847); Vajdaszentiv\u00e1ny<\/p>\n","protected":false},"featured_media":0,"comment_status":"open","ping_status":"closed","template":"","meta":[],"product_brand":[],"product_cat":[137],"product_tag":[],"class_list":{"0":"post-9019","1":"product","2":"type-product","3":"status-publish","5":"product_cat-maros-megyei-eletrajzi-lexikon","7":"first","8":"instock","9":"shipping-taxable","10":"product-type-simple"},"_links":{"self":[{"href":"https:\/\/uj.adatbank.ro\/lexikon\/wp-json\/wp\/v2\/product\/9019","targetHints":{"allow":["GET"]}}],"collection":[{"href":"https:\/\/uj.adatbank.ro\/lexikon\/wp-json\/wp\/v2\/product"}],"about":[{"href":"https:\/\/uj.adatbank.ro\/lexikon\/wp-json\/wp\/v2\/types\/product"}],"replies":[{"embeddable":true,"href":"https:\/\/uj.adatbank.ro\/lexikon\/wp-json\/wp\/v2\/comments?post=9019"}],"wp:attachment":[{"href":"https:\/\/uj.adatbank.ro\/lexikon\/wp-json\/wp\/v2\/media?parent=9019"}],"wp:term":[{"taxonomy":"product_brand","embeddable":true,"href":"https:\/\/uj.adatbank.ro\/lexikon\/wp-json\/wp\/v2\/product_brand?post=9019"},{"taxonomy":"product_cat","embeddable":true,"href":"https:\/\/uj.adatbank.ro\/lexikon\/wp-json\/wp\/v2\/product_cat?post=9019"},{"taxonomy":"product_tag","embeddable":true,"href":"https:\/\/uj.adatbank.ro\/lexikon\/wp-json\/wp\/v2\/product_tag?post=9019"}],"curies":[{"name":"wp","href":"https:\/\/api.w.org\/{rel}","templated":true}]}}