{"id":9020,"date":"2025-06-29T10:46:13","date_gmt":"2025-06-29T08:46:13","guid":{"rendered":"https:\/\/uj.adatbank.ro\/lexikon\/termek\/goos-johann-carol-goss-karl\/"},"modified":"2025-06-29T10:46:13","modified_gmt":"2025-06-29T08:46:13","slug":"goos-johann-carol-goss-karl","status":"publish","type":"product","link":"https:\/\/uj.adatbank.ro\/lexikon\/termek\/goos-johann-carol-goss-karl\/","title":{"rendered":"GOOS Johann Carol, Goss Karl"},"content":{"rendered":"<p>Segesv\u00e1r, 1814., \u2020 Sz\u00e1szd\u00e1lya, 1848. dec. 31.: tan\u00e1r, ogy.-i k\u00e9pvisel\u0151. \u2013 Segesv\u00e1ron, Kv.-on \u00e9s B\u00e9csben tanult (\u20131832). Tan\u00e1r \u00e9s rektor Segesv\u00e1ron (1842\u201345). Bevezette a gimn. -ba a m. nyelv tanul\u00e1s\u00e1t (1844). Tev\u00e9kenys\u00e9g\u00e9vel \u00f6regb\u00edtette a gimn. h\u00edrnev\u00e9t, egyben k\u00f6nyvt\u00e1ros is volt. Ev. lelkip\u00e1sztor Sz\u00e1szd\u00e1ly\u00e1n (1845\u2013). Segesv\u00e1r v\u00e1rosa v\u00e1lasztott k\u00f6vete az erd\u00e9lyi 1848. \u00e9vi utols\u00f3 rendi ogy.-en (Kv., 1848. m\u00e1j. 29.), ahol meggy\u0151zte k\u00e9pvisel\u0151t\u00e1rsait, h. egyezzenek bele Erd\u00e9lynek Mo. -gal val\u00f3 egyes\u00edt\u00e9s\u00e9be. K\u00e9s\u0151bb Pestre k\u00fcldt\u00e9k k\u00e9pvisel\u0151nek, ahol azonban ki\u00e1br\u00e1ndult a l\u00e1tottakb\u00f3l, \u00e9s k\u00e9pvisel\u0151s\u00e9g\u00e9r\u0151l lemondott. <br \/><strong>Irod.:<\/strong> Egyed: Erd\u00e9ly 1848. ogy.; RNL; Sighi\u015foara; Szab\u00f3\u2013Sz\u00f6gi<\/br><\/p>\n","protected":false},"excerpt":{"rendered":"<p>Segesv\u00e1r, 1814., \u2020 Sz\u00e1szd\u00e1lya, 1848. dec. 31.: tan\u00e1r, ogy.-i k\u00e9pvisel\u0151. \u2013 Segesv\u00e1ron, Kv.-on \u00e9s B\u00e9csben tanult (\u20131832). Tan\u00e1r \u00e9s rektor Segesv\u00e1ron (1842\u201345). Bevezette a gimn. -ba a m. nyelv tanul\u00e1s\u00e1t (1844). Tev\u00e9kenys\u00e9g\u00e9vel \u00f6regb\u00edtette a gimn. h\u00edrnev\u00e9t, egyben k\u00f6nyvt\u00e1ros is volt. Ev. lelkip\u00e1sztor Sz\u00e1szd\u00e1ly\u00e1n (1845\u2013). Segesv\u00e1r v\u00e1rosa v\u00e1lasztott k\u00f6vete az erd\u00e9lyi 1848. \u00e9vi utols\u00f3 rendi ogy.-en [&hellip;]<\/p>\n","protected":false},"featured_media":0,"comment_status":"open","ping_status":"closed","template":"","meta":[],"product_brand":[],"product_cat":[137],"product_tag":[],"class_list":{"0":"post-9020","1":"product","2":"type-product","3":"status-publish","5":"product_cat-maros-megyei-eletrajzi-lexikon","7":"first","8":"instock","9":"shipping-taxable","10":"product-type-simple"},"_links":{"self":[{"href":"https:\/\/uj.adatbank.ro\/lexikon\/wp-json\/wp\/v2\/product\/9020","targetHints":{"allow":["GET"]}}],"collection":[{"href":"https:\/\/uj.adatbank.ro\/lexikon\/wp-json\/wp\/v2\/product"}],"about":[{"href":"https:\/\/uj.adatbank.ro\/lexikon\/wp-json\/wp\/v2\/types\/product"}],"replies":[{"embeddable":true,"href":"https:\/\/uj.adatbank.ro\/lexikon\/wp-json\/wp\/v2\/comments?post=9020"}],"wp:attachment":[{"href":"https:\/\/uj.adatbank.ro\/lexikon\/wp-json\/wp\/v2\/media?parent=9020"}],"wp:term":[{"taxonomy":"product_brand","embeddable":true,"href":"https:\/\/uj.adatbank.ro\/lexikon\/wp-json\/wp\/v2\/product_brand?post=9020"},{"taxonomy":"product_cat","embeddable":true,"href":"https:\/\/uj.adatbank.ro\/lexikon\/wp-json\/wp\/v2\/product_cat?post=9020"},{"taxonomy":"product_tag","embeddable":true,"href":"https:\/\/uj.adatbank.ro\/lexikon\/wp-json\/wp\/v2\/product_tag?post=9020"}],"curies":[{"name":"wp","href":"https:\/\/api.w.org\/{rel}","templated":true}]}}