{"id":9022,"date":"2025-06-29T10:46:16","date_gmt":"2025-06-29T08:46:16","guid":{"rendered":"https:\/\/uj.adatbank.ro\/lexikon\/termek\/goosz-janos\/"},"modified":"2025-06-29T10:46:16","modified_gmt":"2025-06-29T08:46:16","slug":"goosz-janos","status":"publish","type":"product","link":"https:\/\/uj.adatbank.ro\/lexikon\/termek\/goosz-janos\/","title":{"rendered":"GOOSZ J\u00e1nos"},"content":{"rendered":"<p>? \u2020\u00a0? : orgona\u00e9p\u00edt\u0151 mester. \u2013 Segesv\u00e1ron \u00e9lt \u00e9s m\u0171k\u00f6d\u00f6tt. Els\u0151 ismert orgon\u00e1ja 1833 b\u00f3l val\u00f3. 3 m\u0171ve maradt fenn Maros megy\u00e9ben: Harangl\u00e1bban\u00a0az unit. m\u0171eml\u00e9k templ.-ban (1833), \u00c1d\u00e1moson a m\u0171eml\u00e9k unit. templomban (1839) \u00e9s Torboszl\u00f3n a ref. templomban. <br \/><strong>Irod.:<\/strong> D\u00e1vid Istv\u00e1n: Nemes Gyula\u00a0: A nagyernyei reform\u00e1tusok \u00bborgonadolga = Maros megyei m. -s\u00e1g. 4.<\/br><\/p>\n","protected":false},"excerpt":{"rendered":"<p>? \u2020\u00a0? : orgona\u00e9p\u00edt\u0151 mester. \u2013 Segesv\u00e1ron \u00e9lt \u00e9s m\u0171k\u00f6d\u00f6tt. Els\u0151 ismert orgon\u00e1ja 1833 b\u00f3l val\u00f3. 3 m\u0171ve maradt fenn Maros megy\u00e9ben: Harangl\u00e1bban\u00a0az unit. m\u0171eml\u00e9k templ.-ban (1833), \u00c1d\u00e1moson a m\u0171eml\u00e9k unit. templomban (1839) \u00e9s Torboszl\u00f3n a ref. templomban. Irod.: D\u00e1vid Istv\u00e1n: Nemes Gyula\u00a0: A nagyernyei reform\u00e1tusok \u00bborgonadolga = Maros megyei m. -s\u00e1g. 4.<\/p>\n","protected":false},"featured_media":0,"comment_status":"open","ping_status":"closed","template":"","meta":[],"product_brand":[],"product_cat":[137],"product_tag":[],"class_list":{"0":"post-9022","1":"product","2":"type-product","3":"status-publish","5":"product_cat-maros-megyei-eletrajzi-lexikon","7":"first","8":"instock","9":"shipping-taxable","10":"product-type-simple"},"_links":{"self":[{"href":"https:\/\/uj.adatbank.ro\/lexikon\/wp-json\/wp\/v2\/product\/9022","targetHints":{"allow":["GET"]}}],"collection":[{"href":"https:\/\/uj.adatbank.ro\/lexikon\/wp-json\/wp\/v2\/product"}],"about":[{"href":"https:\/\/uj.adatbank.ro\/lexikon\/wp-json\/wp\/v2\/types\/product"}],"replies":[{"embeddable":true,"href":"https:\/\/uj.adatbank.ro\/lexikon\/wp-json\/wp\/v2\/comments?post=9022"}],"wp:attachment":[{"href":"https:\/\/uj.adatbank.ro\/lexikon\/wp-json\/wp\/v2\/media?parent=9022"}],"wp:term":[{"taxonomy":"product_brand","embeddable":true,"href":"https:\/\/uj.adatbank.ro\/lexikon\/wp-json\/wp\/v2\/product_brand?post=9022"},{"taxonomy":"product_cat","embeddable":true,"href":"https:\/\/uj.adatbank.ro\/lexikon\/wp-json\/wp\/v2\/product_cat?post=9022"},{"taxonomy":"product_tag","embeddable":true,"href":"https:\/\/uj.adatbank.ro\/lexikon\/wp-json\/wp\/v2\/product_tag?post=9022"}],"curies":[{"name":"wp","href":"https:\/\/api.w.org\/{rel}","templated":true}]}}