{"id":9023,"date":"2025-06-29T10:46:17","date_gmt":"2025-06-29T08:46:17","guid":{"rendered":"https:\/\/uj.adatbank.ro\/lexikon\/termek\/gora-petru\/"},"modified":"2025-06-29T10:46:17","modified_gmt":"2025-06-29T08:46:17","slug":"gora-petru","status":"publish","type":"product","link":"https:\/\/uj.adatbank.ro\/lexikon\/termek\/gora-petru\/","title":{"rendered":"GORA Petru"},"content":{"rendered":"<p>? \u2020\u00a0? : g\u00f6r. kat. pap. \u2013 Farag\u00f3ban volt lelk\u00e9sz (1911). <br \/><strong>Irod.:<\/strong> F\u0103r\u0103g\u0103u; Stanca Sebastian: Contribu\u0163ia preo\u0163imei rom\u00e2ne din Ardeal la r\u0103sboiul pentru intregirea neamului (Cluj, 1925)<\/br><\/p>\n","protected":false},"excerpt":{"rendered":"<p>? \u2020\u00a0? : g\u00f6r. kat. pap. \u2013 Farag\u00f3ban volt lelk\u00e9sz (1911). Irod.: F\u0103r\u0103g\u0103u; Stanca Sebastian: Contribu\u0163ia preo\u0163imei rom\u00e2ne din Ardeal la r\u0103sboiul pentru intregirea neamului (Cluj, 1925)<\/p>\n","protected":false},"featured_media":0,"comment_status":"open","ping_status":"closed","template":"","meta":[],"product_brand":[],"product_cat":[137],"product_tag":[],"class_list":{"0":"post-9023","1":"product","2":"type-product","3":"status-publish","5":"product_cat-maros-megyei-eletrajzi-lexikon","7":"first","8":"instock","9":"shipping-taxable","10":"product-type-simple"},"_links":{"self":[{"href":"https:\/\/uj.adatbank.ro\/lexikon\/wp-json\/wp\/v2\/product\/9023","targetHints":{"allow":["GET"]}}],"collection":[{"href":"https:\/\/uj.adatbank.ro\/lexikon\/wp-json\/wp\/v2\/product"}],"about":[{"href":"https:\/\/uj.adatbank.ro\/lexikon\/wp-json\/wp\/v2\/types\/product"}],"replies":[{"embeddable":true,"href":"https:\/\/uj.adatbank.ro\/lexikon\/wp-json\/wp\/v2\/comments?post=9023"}],"wp:attachment":[{"href":"https:\/\/uj.adatbank.ro\/lexikon\/wp-json\/wp\/v2\/media?parent=9023"}],"wp:term":[{"taxonomy":"product_brand","embeddable":true,"href":"https:\/\/uj.adatbank.ro\/lexikon\/wp-json\/wp\/v2\/product_brand?post=9023"},{"taxonomy":"product_cat","embeddable":true,"href":"https:\/\/uj.adatbank.ro\/lexikon\/wp-json\/wp\/v2\/product_cat?post=9023"},{"taxonomy":"product_tag","embeddable":true,"href":"https:\/\/uj.adatbank.ro\/lexikon\/wp-json\/wp\/v2\/product_tag?post=9023"}],"curies":[{"name":"wp","href":"https:\/\/api.w.org\/{rel}","templated":true}]}}