{"id":9025,"date":"2025-06-29T10:46:23","date_gmt":"2025-06-29T08:46:23","guid":{"rendered":"https:\/\/uj.adatbank.ro\/lexikon\/termek\/gorea-eugen\/"},"modified":"2025-06-29T10:46:23","modified_gmt":"2025-06-29T08:46:23","slug":"gorea-eugen","status":"publish","type":"product","link":"https:\/\/uj.adatbank.ro\/lexikon\/termek\/gorea-eugen\/","title":{"rendered":"GOREA Eugen"},"content":{"rendered":"<p>Sz\u00e1szr\u00e9gen, ? \u2020 ? : bokszol\u00f3. \u2013 Ifj\u00fas\u00e1gi bajnok (1970); \u00e1tigazolt a Buk.-i Dinamohoz; Balk\u00e1n-bajnok (1971); a Dinamovi\u00e1da m\u00e1sodik helyezettje. <br \/><strong>Irod.:<\/strong> Gazeta Reghinului (1995. 7.)<\/br><\/p>\n","protected":false},"excerpt":{"rendered":"<p>Sz\u00e1szr\u00e9gen, ? \u2020 ? : bokszol\u00f3. \u2013 Ifj\u00fas\u00e1gi bajnok (1970); \u00e1tigazolt a Buk.-i Dinamohoz; Balk\u00e1n-bajnok (1971); a Dinamovi\u00e1da m\u00e1sodik helyezettje. Irod.: Gazeta Reghinului (1995. 7.)<\/p>\n","protected":false},"featured_media":0,"comment_status":"open","ping_status":"closed","template":"","meta":[],"product_brand":[],"product_cat":[137],"product_tag":[],"class_list":{"0":"post-9025","1":"product","2":"type-product","3":"status-publish","5":"product_cat-maros-megyei-eletrajzi-lexikon","7":"first","8":"instock","9":"shipping-taxable","10":"product-type-simple"},"_links":{"self":[{"href":"https:\/\/uj.adatbank.ro\/lexikon\/wp-json\/wp\/v2\/product\/9025","targetHints":{"allow":["GET"]}}],"collection":[{"href":"https:\/\/uj.adatbank.ro\/lexikon\/wp-json\/wp\/v2\/product"}],"about":[{"href":"https:\/\/uj.adatbank.ro\/lexikon\/wp-json\/wp\/v2\/types\/product"}],"replies":[{"embeddable":true,"href":"https:\/\/uj.adatbank.ro\/lexikon\/wp-json\/wp\/v2\/comments?post=9025"}],"wp:attachment":[{"href":"https:\/\/uj.adatbank.ro\/lexikon\/wp-json\/wp\/v2\/media?parent=9025"}],"wp:term":[{"taxonomy":"product_brand","embeddable":true,"href":"https:\/\/uj.adatbank.ro\/lexikon\/wp-json\/wp\/v2\/product_brand?post=9025"},{"taxonomy":"product_cat","embeddable":true,"href":"https:\/\/uj.adatbank.ro\/lexikon\/wp-json\/wp\/v2\/product_cat?post=9025"},{"taxonomy":"product_tag","embeddable":true,"href":"https:\/\/uj.adatbank.ro\/lexikon\/wp-json\/wp\/v2\/product_tag?post=9025"}],"curies":[{"name":"wp","href":"https:\/\/api.w.org\/{rel}","templated":true}]}}