{"id":9027,"date":"2025-06-29T10:46:26","date_gmt":"2025-06-29T08:46:26","guid":{"rendered":"https:\/\/uj.adatbank.ro\/lexikon\/termek\/gorea-ovidiu\/"},"modified":"2025-06-29T10:46:26","modified_gmt":"2025-06-29T08:46:26","slug":"gorea-ovidiu","status":"publish","type":"product","link":"https:\/\/uj.adatbank.ro\/lexikon\/termek\/gorea-ovidiu\/","title":{"rendered":"GOREA Ovidiu"},"content":{"rendered":"<p>Sz\u00e1szr\u00e9gen, ? \u2020 ? : bokszol\u00f3. \u2013 Ifj\u00fas\u00e1gi bajnok (1963); a bp.-i Olimpiai Rem\u00e9nys\u00e9gek verseny gy\u0151ztese (1965); a feln\u0151tt bajnoks\u00e1g II. helyezettje (1970); a berlini Bar\u00e1ts\u00e1g Turn\u00e9 II. helyezettje (1967); a szofiai turn\u00e9 bronz\u00e9mese (1972). <br \/><strong>Irod.:<\/strong> Gazeta Reghinului (1990. 4.)<\/br><\/p>\n","protected":false},"excerpt":{"rendered":"<p>Sz\u00e1szr\u00e9gen, ? \u2020 ? : bokszol\u00f3. \u2013 Ifj\u00fas\u00e1gi bajnok (1963); a bp.-i Olimpiai Rem\u00e9nys\u00e9gek verseny gy\u0151ztese (1965); a feln\u0151tt bajnoks\u00e1g II. helyezettje (1970); a berlini Bar\u00e1ts\u00e1g Turn\u00e9 II. helyezettje (1967); a szofiai turn\u00e9 bronz\u00e9mese (1972). Irod.: Gazeta Reghinului (1990. 4.)<\/p>\n","protected":false},"featured_media":0,"comment_status":"open","ping_status":"closed","template":"","meta":[],"product_brand":[],"product_cat":[137],"product_tag":[],"class_list":{"0":"post-9027","1":"product","2":"type-product","3":"status-publish","5":"product_cat-maros-megyei-eletrajzi-lexikon","7":"first","8":"instock","9":"shipping-taxable","10":"product-type-simple"},"_links":{"self":[{"href":"https:\/\/uj.adatbank.ro\/lexikon\/wp-json\/wp\/v2\/product\/9027","targetHints":{"allow":["GET"]}}],"collection":[{"href":"https:\/\/uj.adatbank.ro\/lexikon\/wp-json\/wp\/v2\/product"}],"about":[{"href":"https:\/\/uj.adatbank.ro\/lexikon\/wp-json\/wp\/v2\/types\/product"}],"replies":[{"embeddable":true,"href":"https:\/\/uj.adatbank.ro\/lexikon\/wp-json\/wp\/v2\/comments?post=9027"}],"wp:attachment":[{"href":"https:\/\/uj.adatbank.ro\/lexikon\/wp-json\/wp\/v2\/media?parent=9027"}],"wp:term":[{"taxonomy":"product_brand","embeddable":true,"href":"https:\/\/uj.adatbank.ro\/lexikon\/wp-json\/wp\/v2\/product_brand?post=9027"},{"taxonomy":"product_cat","embeddable":true,"href":"https:\/\/uj.adatbank.ro\/lexikon\/wp-json\/wp\/v2\/product_cat?post=9027"},{"taxonomy":"product_tag","embeddable":true,"href":"https:\/\/uj.adatbank.ro\/lexikon\/wp-json\/wp\/v2\/product_tag?post=9027"}],"curies":[{"name":"wp","href":"https:\/\/api.w.org\/{rel}","templated":true}]}}