{"id":9028,"date":"2025-06-29T10:46:27","date_gmt":"2025-06-29T08:46:27","guid":{"rendered":"https:\/\/uj.adatbank.ro\/lexikon\/termek\/gorea-simion\/"},"modified":"2025-06-29T10:46:27","modified_gmt":"2025-06-29T08:46:27","slug":"gorea-simion","status":"publish","type":"product","link":"https:\/\/uj.adatbank.ro\/lexikon\/termek\/gorea-simion\/","title":{"rendered":"GOREA Simion"},"content":{"rendered":"<p>Kisnyulas, ?, \u2020 Majsz\u00edn, 1944. okt. 14.: \u00e1ldozat. \u2013 Egyik \u00e1ldozata a majsz\u00edni v\u00e9rengz\u00e9snek, ahol a horthyst\u00e1k 35 \u00e1rtatlan k\u00e9nyszermunk\u00e1ra hurcolt rom\u00e1nt \u00e9s 3 zsid\u00f3t v\u00e9geztek ki (1944. okt. 14.). <br \/><strong>Irod.:<\/strong> F\u0103r\u0103g\u0103<\/br><\/p>\n","protected":false},"excerpt":{"rendered":"<p>Kisnyulas, ?, \u2020 Majsz\u00edn, 1944. okt. 14.: \u00e1ldozat. \u2013 Egyik \u00e1ldozata a majsz\u00edni v\u00e9rengz\u00e9snek, ahol a horthyst\u00e1k 35 \u00e1rtatlan k\u00e9nyszermunk\u00e1ra hurcolt rom\u00e1nt \u00e9s 3 zsid\u00f3t v\u00e9geztek ki (1944. okt. 14.). Irod.: F\u0103r\u0103g\u0103<\/p>\n","protected":false},"featured_media":0,"comment_status":"open","ping_status":"closed","template":"","meta":[],"product_brand":[],"product_cat":[137],"product_tag":[],"class_list":{"0":"post-9028","1":"product","2":"type-product","3":"status-publish","5":"product_cat-maros-megyei-eletrajzi-lexikon","7":"first","8":"instock","9":"shipping-taxable","10":"product-type-simple"},"_links":{"self":[{"href":"https:\/\/uj.adatbank.ro\/lexikon\/wp-json\/wp\/v2\/product\/9028","targetHints":{"allow":["GET"]}}],"collection":[{"href":"https:\/\/uj.adatbank.ro\/lexikon\/wp-json\/wp\/v2\/product"}],"about":[{"href":"https:\/\/uj.adatbank.ro\/lexikon\/wp-json\/wp\/v2\/types\/product"}],"replies":[{"embeddable":true,"href":"https:\/\/uj.adatbank.ro\/lexikon\/wp-json\/wp\/v2\/comments?post=9028"}],"wp:attachment":[{"href":"https:\/\/uj.adatbank.ro\/lexikon\/wp-json\/wp\/v2\/media?parent=9028"}],"wp:term":[{"taxonomy":"product_brand","embeddable":true,"href":"https:\/\/uj.adatbank.ro\/lexikon\/wp-json\/wp\/v2\/product_brand?post=9028"},{"taxonomy":"product_cat","embeddable":true,"href":"https:\/\/uj.adatbank.ro\/lexikon\/wp-json\/wp\/v2\/product_cat?post=9028"},{"taxonomy":"product_tag","embeddable":true,"href":"https:\/\/uj.adatbank.ro\/lexikon\/wp-json\/wp\/v2\/product_tag?post=9028"}],"curies":[{"name":"wp","href":"https:\/\/api.w.org\/{rel}","templated":true}]}}