{"id":9132,"date":"2025-06-29T10:49:58","date_gmt":"2025-06-29T08:49:58","guid":{"rendered":"https:\/\/uj.adatbank.ro\/lexikon\/termek\/grossmann-edit\/"},"modified":"2025-06-29T10:49:58","modified_gmt":"2025-06-29T08:49:58","slug":"grossmann-edit","status":"publish","type":"product","link":"https:\/\/uj.adatbank.ro\/lexikon\/termek\/grossmann-edit\/","title":{"rendered":"GROSSMANN Edit"},"content":{"rendered":"<p>? \u2020\u00a0? : sz\u00edn\u00e9szn\u0151. \u2013 F\u00e9rje: B\u00edr\u00f3 Istv\u00e1n, Mv. \u00e9s a megye OMP-i tagozata titk\u00e1ra. \u2013 A kv.-i M. Sz\u00ednh\u00e1zn\u00e1l j\u00e1tszott, majd Mv.-en \u00e9ltek. Mo.-ra t\u00e1voztak (1944). N\u00e9meto-ba k\u00f6lt\u00f6z\u00f6tt az ura hal\u00e1la ut\u00e1n. <br \/><strong>Irod.:<\/strong> Sipos<\/br><\/p>\n","protected":false},"excerpt":{"rendered":"<p>? \u2020\u00a0? : sz\u00edn\u00e9szn\u0151. \u2013 F\u00e9rje: B\u00edr\u00f3 Istv\u00e1n, Mv. \u00e9s a megye OMP-i tagozata titk\u00e1ra. \u2013 A kv.-i M. Sz\u00ednh\u00e1zn\u00e1l j\u00e1tszott, majd Mv.-en \u00e9ltek. Mo.-ra t\u00e1voztak (1944). N\u00e9meto-ba k\u00f6lt\u00f6z\u00f6tt az ura hal\u00e1la ut\u00e1n. Irod.: Sipos<\/p>\n","protected":false},"featured_media":0,"comment_status":"open","ping_status":"closed","template":"","meta":[],"product_brand":[],"product_cat":[137],"product_tag":[],"class_list":{"0":"post-9132","1":"product","2":"type-product","3":"status-publish","5":"product_cat-maros-megyei-eletrajzi-lexikon","7":"first","8":"instock","9":"shipping-taxable","10":"product-type-simple"},"_links":{"self":[{"href":"https:\/\/uj.adatbank.ro\/lexikon\/wp-json\/wp\/v2\/product\/9132","targetHints":{"allow":["GET"]}}],"collection":[{"href":"https:\/\/uj.adatbank.ro\/lexikon\/wp-json\/wp\/v2\/product"}],"about":[{"href":"https:\/\/uj.adatbank.ro\/lexikon\/wp-json\/wp\/v2\/types\/product"}],"replies":[{"embeddable":true,"href":"https:\/\/uj.adatbank.ro\/lexikon\/wp-json\/wp\/v2\/comments?post=9132"}],"wp:attachment":[{"href":"https:\/\/uj.adatbank.ro\/lexikon\/wp-json\/wp\/v2\/media?parent=9132"}],"wp:term":[{"taxonomy":"product_brand","embeddable":true,"href":"https:\/\/uj.adatbank.ro\/lexikon\/wp-json\/wp\/v2\/product_brand?post=9132"},{"taxonomy":"product_cat","embeddable":true,"href":"https:\/\/uj.adatbank.ro\/lexikon\/wp-json\/wp\/v2\/product_cat?post=9132"},{"taxonomy":"product_tag","embeddable":true,"href":"https:\/\/uj.adatbank.ro\/lexikon\/wp-json\/wp\/v2\/product_tag?post=9132"}],"curies":[{"name":"wp","href":"https:\/\/api.w.org\/{rel}","templated":true}]}}