{"id":9133,"date":"2025-06-29T10:50:02","date_gmt":"2025-06-29T08:50:02","guid":{"rendered":"https:\/\/uj.adatbank.ro\/lexikon\/termek\/grossmann-erich-grossmann-erik\/"},"modified":"2025-06-29T10:50:02","modified_gmt":"2025-06-29T08:50:02","slug":"grossmann-erich-grossmann-erik","status":"publish","type":"product","link":"https:\/\/uj.adatbank.ro\/lexikon\/termek\/grossmann-erich-grossmann-erik\/","title":{"rendered":"GROSSMANN Erich, Grossmann Erik"},"content":{"rendered":"<p>? \u2020\u00a0? : \u00e9p\u00edt\u00e9szm\u00e9rn\u0151k. \u2013 Feles\u00e9ge: S\u00e1ndor Zs\u00f3ka, ker. iskolai tan\u00e1rn\u0151. Fi\u00fak: P\u00e9ter, zenem\u0171v\u00e9sz, Buk.-ben \u00e9lt, majd N\u00e9meto-ban. \u2013 Okl. -t szerzett Bp.-en, (1928). Mv.-en tev\u00e9kenykedett (1933 \u2013 ). Elk\u00e9sz\u00edtette a be\u00e9p\u00edtend\u0151 belv\u00e1rosi telkekre felh\u00fazand\u00f3 tisztvisel\u0151 lak\u00e1sok k\u00f6lts\u00e9gterv\u00e9t (kb. 50\u201460 telekre, 1936). Tervei alapj\u00e1n Kov\u00e1cs Istv\u00e1n v\u00e1llalkoz\u00f3 kivitelezte, a mai Ion Creang\u0103 u. 1. sz. alatti modern h\u00e1zat, amely Graff Ferenc tulajdona volt (1938\u201339). Tagja volt a Rom\u00e1niai M\u0171\u00e9p\u00edt\u00e9szek Test\u00fclet\u00e9nek. <br \/><strong>Irod.:<\/strong> Id\u0151t\u00e1r 3; Man: Tg. M., 3.; Sipos<\/br><\/p>\n","protected":false},"excerpt":{"rendered":"<p>? \u2020\u00a0? : \u00e9p\u00edt\u00e9szm\u00e9rn\u0151k. \u2013 Feles\u00e9ge: S\u00e1ndor Zs\u00f3ka, ker. iskolai tan\u00e1rn\u0151. Fi\u00fak: P\u00e9ter, zenem\u0171v\u00e9sz, Buk.-ben \u00e9lt, majd N\u00e9meto-ban. \u2013 Okl. -t szerzett Bp.-en, (1928). Mv.-en tev\u00e9kenykedett (1933 \u2013 ). Elk\u00e9sz\u00edtette a be\u00e9p\u00edtend\u0151 belv\u00e1rosi telkekre felh\u00fazand\u00f3 tisztvisel\u0151 lak\u00e1sok k\u00f6lts\u00e9gterv\u00e9t (kb. 50\u201460 telekre, 1936). Tervei alapj\u00e1n Kov\u00e1cs Istv\u00e1n v\u00e1llalkoz\u00f3 kivitelezte, a mai Ion Creang\u0103 u. 1. sz. [&hellip;]<\/p>\n","protected":false},"featured_media":0,"comment_status":"open","ping_status":"closed","template":"","meta":[],"product_brand":[],"product_cat":[137],"product_tag":[],"class_list":{"0":"post-9133","1":"product","2":"type-product","3":"status-publish","5":"product_cat-maros-megyei-eletrajzi-lexikon","7":"first","8":"instock","9":"shipping-taxable","10":"product-type-simple"},"_links":{"self":[{"href":"https:\/\/uj.adatbank.ro\/lexikon\/wp-json\/wp\/v2\/product\/9133","targetHints":{"allow":["GET"]}}],"collection":[{"href":"https:\/\/uj.adatbank.ro\/lexikon\/wp-json\/wp\/v2\/product"}],"about":[{"href":"https:\/\/uj.adatbank.ro\/lexikon\/wp-json\/wp\/v2\/types\/product"}],"replies":[{"embeddable":true,"href":"https:\/\/uj.adatbank.ro\/lexikon\/wp-json\/wp\/v2\/comments?post=9133"}],"wp:attachment":[{"href":"https:\/\/uj.adatbank.ro\/lexikon\/wp-json\/wp\/v2\/media?parent=9133"}],"wp:term":[{"taxonomy":"product_brand","embeddable":true,"href":"https:\/\/uj.adatbank.ro\/lexikon\/wp-json\/wp\/v2\/product_brand?post=9133"},{"taxonomy":"product_cat","embeddable":true,"href":"https:\/\/uj.adatbank.ro\/lexikon\/wp-json\/wp\/v2\/product_cat?post=9133"},{"taxonomy":"product_tag","embeddable":true,"href":"https:\/\/uj.adatbank.ro\/lexikon\/wp-json\/wp\/v2\/product_tag?post=9133"}],"curies":[{"name":"wp","href":"https:\/\/api.w.org\/{rel}","templated":true}]}}