{"id":9134,"date":"2025-06-29T10:50:03","date_gmt":"2025-06-29T08:50:03","guid":{"rendered":"https:\/\/uj.adatbank.ro\/lexikon\/termek\/grossmann-erika\/"},"modified":"2025-06-29T10:50:03","modified_gmt":"2025-06-29T08:50:03","slug":"grossmann-erika","status":"publish","type":"product","link":"https:\/\/uj.adatbank.ro\/lexikon\/termek\/grossmann-erika\/","title":{"rendered":"GROSSMANN Erika"},"content":{"rendered":"<p>Mv., 1928. \u2020 2011.: orvos. \u2013 A MOGYI-v\u00e9gzettje (1955). A Mang\u00e1li\u00e1n volt orvos, ott oper\u00e1lt \u00e9s kezelte a betegeket a Csont TBC K\u00f3rh\u00e1zban. <br \/><strong>Irod.:<\/strong> Kiss\u2013P\u00e9terffy\u2013P\u00e9terffy<\/br><\/p>\n","protected":false},"excerpt":{"rendered":"<p>Mv., 1928. \u2020 2011.: orvos. \u2013 A MOGYI-v\u00e9gzettje (1955). A Mang\u00e1li\u00e1n volt orvos, ott oper\u00e1lt \u00e9s kezelte a betegeket a Csont TBC K\u00f3rh\u00e1zban. Irod.: Kiss\u2013P\u00e9terffy\u2013P\u00e9terffy<\/p>\n","protected":false},"featured_media":0,"comment_status":"open","ping_status":"closed","template":"","meta":[],"product_brand":[],"product_cat":[137],"product_tag":[],"class_list":{"0":"post-9134","1":"product","2":"type-product","3":"status-publish","5":"product_cat-maros-megyei-eletrajzi-lexikon","7":"first","8":"instock","9":"shipping-taxable","10":"product-type-simple"},"_links":{"self":[{"href":"https:\/\/uj.adatbank.ro\/lexikon\/wp-json\/wp\/v2\/product\/9134","targetHints":{"allow":["GET"]}}],"collection":[{"href":"https:\/\/uj.adatbank.ro\/lexikon\/wp-json\/wp\/v2\/product"}],"about":[{"href":"https:\/\/uj.adatbank.ro\/lexikon\/wp-json\/wp\/v2\/types\/product"}],"replies":[{"embeddable":true,"href":"https:\/\/uj.adatbank.ro\/lexikon\/wp-json\/wp\/v2\/comments?post=9134"}],"wp:attachment":[{"href":"https:\/\/uj.adatbank.ro\/lexikon\/wp-json\/wp\/v2\/media?parent=9134"}],"wp:term":[{"taxonomy":"product_brand","embeddable":true,"href":"https:\/\/uj.adatbank.ro\/lexikon\/wp-json\/wp\/v2\/product_brand?post=9134"},{"taxonomy":"product_cat","embeddable":true,"href":"https:\/\/uj.adatbank.ro\/lexikon\/wp-json\/wp\/v2\/product_cat?post=9134"},{"taxonomy":"product_tag","embeddable":true,"href":"https:\/\/uj.adatbank.ro\/lexikon\/wp-json\/wp\/v2\/product_tag?post=9134"}],"curies":[{"name":"wp","href":"https:\/\/api.w.org\/{rel}","templated":true}]}}