{"id":9136,"date":"2025-06-29T10:50:07","date_gmt":"2025-06-29T08:50:07","guid":{"rendered":"https:\/\/uj.adatbank.ro\/lexikon\/termek\/grossmann-samuel\/"},"modified":"2025-06-29T10:50:07","modified_gmt":"2025-06-29T08:50:07","slug":"grossmann-samuel","status":"publish","type":"product","link":"https:\/\/uj.adatbank.ro\/lexikon\/termek\/grossmann-samuel\/","title":{"rendered":"GROSSMANN S\u00e1muel"},"content":{"rendered":"<p>? \u2020\u00a0? : keresked\u0151. \u2013 Letart\u00f3ztatt\u00e1k, mert az \u0151r\u00edzetlen v\u00e1rban a h\u00e1trahagyott hadijavakat \u00e1ll\u00edt\u00f3lag fosztogatta (1849. jan. 5). \u00d3vad\u00e9k ellen\u00e9ben szabadl\u00e1bra helyezt\u00e9k (jan. 12). <br \/><strong>Irod.:<\/strong> Id\u0151t\u00e1r 2<\/br><\/p>\n","protected":false},"excerpt":{"rendered":"<p>? \u2020\u00a0? : keresked\u0151. \u2013 Letart\u00f3ztatt\u00e1k, mert az \u0151r\u00edzetlen v\u00e1rban a h\u00e1trahagyott hadijavakat \u00e1ll\u00edt\u00f3lag fosztogatta (1849. jan. 5). \u00d3vad\u00e9k ellen\u00e9ben szabadl\u00e1bra helyezt\u00e9k (jan. 12). Irod.: Id\u0151t\u00e1r 2<\/p>\n","protected":false},"featured_media":0,"comment_status":"open","ping_status":"closed","template":"","meta":[],"product_brand":[],"product_cat":[137],"product_tag":[],"class_list":{"0":"post-9136","1":"product","2":"type-product","3":"status-publish","5":"product_cat-maros-megyei-eletrajzi-lexikon","7":"first","8":"instock","9":"shipping-taxable","10":"product-type-simple"},"_links":{"self":[{"href":"https:\/\/uj.adatbank.ro\/lexikon\/wp-json\/wp\/v2\/product\/9136","targetHints":{"allow":["GET"]}}],"collection":[{"href":"https:\/\/uj.adatbank.ro\/lexikon\/wp-json\/wp\/v2\/product"}],"about":[{"href":"https:\/\/uj.adatbank.ro\/lexikon\/wp-json\/wp\/v2\/types\/product"}],"replies":[{"embeddable":true,"href":"https:\/\/uj.adatbank.ro\/lexikon\/wp-json\/wp\/v2\/comments?post=9136"}],"wp:attachment":[{"href":"https:\/\/uj.adatbank.ro\/lexikon\/wp-json\/wp\/v2\/media?parent=9136"}],"wp:term":[{"taxonomy":"product_brand","embeddable":true,"href":"https:\/\/uj.adatbank.ro\/lexikon\/wp-json\/wp\/v2\/product_brand?post=9136"},{"taxonomy":"product_cat","embeddable":true,"href":"https:\/\/uj.adatbank.ro\/lexikon\/wp-json\/wp\/v2\/product_cat?post=9136"},{"taxonomy":"product_tag","embeddable":true,"href":"https:\/\/uj.adatbank.ro\/lexikon\/wp-json\/wp\/v2\/product_tag?post=9136"}],"curies":[{"name":"wp","href":"https:\/\/api.w.org\/{rel}","templated":true}]}}