{"id":9138,"date":"2025-06-29T10:50:10","date_gmt":"2025-06-29T08:50:10","guid":{"rendered":"https:\/\/uj.adatbank.ro\/lexikon\/termek\/grosu-cornel\/"},"modified":"2025-06-29T10:50:10","modified_gmt":"2025-06-29T08:50:10","slug":"grosu-cornel","status":"publish","type":"product","link":"https:\/\/uj.adatbank.ro\/lexikon\/termek\/grosu-cornel\/","title":{"rendered":"GROSU Cornel"},"content":{"rendered":"<p>? \u2020\u00a0? : ort. pap. \u2013 F\u00fcleh\u00e1z\u00e1n szolg\u00e1lt (1950\u201386), pl\u00e9b\u00e1nia h\u00e1zat emeltettett (1957). Szolg\u00e1lt m\u00e9g Disznaj\u00f3n is (1967\u201369). <br \/><strong>Irod.:<\/strong> Reghin, Protopopiat<\/br><\/p>\n","protected":false},"excerpt":{"rendered":"<p>? \u2020\u00a0? : ort. pap. \u2013 F\u00fcleh\u00e1z\u00e1n szolg\u00e1lt (1950\u201386), pl\u00e9b\u00e1nia h\u00e1zat emeltettett (1957). Szolg\u00e1lt m\u00e9g Disznaj\u00f3n is (1967\u201369). Irod.: Reghin, Protopopiat<\/p>\n","protected":false},"featured_media":0,"comment_status":"open","ping_status":"closed","template":"","meta":[],"product_brand":[],"product_cat":[137],"product_tag":[],"class_list":{"0":"post-9138","1":"product","2":"type-product","3":"status-publish","5":"product_cat-maros-megyei-eletrajzi-lexikon","7":"first","8":"instock","9":"shipping-taxable","10":"product-type-simple"},"_links":{"self":[{"href":"https:\/\/uj.adatbank.ro\/lexikon\/wp-json\/wp\/v2\/product\/9138","targetHints":{"allow":["GET"]}}],"collection":[{"href":"https:\/\/uj.adatbank.ro\/lexikon\/wp-json\/wp\/v2\/product"}],"about":[{"href":"https:\/\/uj.adatbank.ro\/lexikon\/wp-json\/wp\/v2\/types\/product"}],"replies":[{"embeddable":true,"href":"https:\/\/uj.adatbank.ro\/lexikon\/wp-json\/wp\/v2\/comments?post=9138"}],"wp:attachment":[{"href":"https:\/\/uj.adatbank.ro\/lexikon\/wp-json\/wp\/v2\/media?parent=9138"}],"wp:term":[{"taxonomy":"product_brand","embeddable":true,"href":"https:\/\/uj.adatbank.ro\/lexikon\/wp-json\/wp\/v2\/product_brand?post=9138"},{"taxonomy":"product_cat","embeddable":true,"href":"https:\/\/uj.adatbank.ro\/lexikon\/wp-json\/wp\/v2\/product_cat?post=9138"},{"taxonomy":"product_tag","embeddable":true,"href":"https:\/\/uj.adatbank.ro\/lexikon\/wp-json\/wp\/v2\/product_tag?post=9138"}],"curies":[{"name":"wp","href":"https:\/\/api.w.org\/{rel}","templated":true}]}}