{"id":9140,"date":"2025-06-29T10:50:13","date_gmt":"2025-06-29T08:50:13","guid":{"rendered":"https:\/\/uj.adatbank.ro\/lexikon\/termek\/grosz-ignac\/"},"modified":"2025-06-29T10:50:13","modified_gmt":"2025-06-29T08:50:13","slug":"grosz-ignac","status":"publish","type":"product","link":"https:\/\/uj.adatbank.ro\/lexikon\/termek\/grosz-ignac\/","title":{"rendered":"GROSZ Ign\u00e1c"},"content":{"rendered":"<p>Mez\u0151gerebenes, 1895., \u2020\u00a0? : textil kis \u2013 \u00e9s nagykeresked\u0151. \u2013 Iskol\u00e1it Mv.-en v\u00e9gezte, majd a kereskedelmi p\u00e1ly\u00e1n a textil iparban t\u00f6lt\u00f6tte seg\u00e9d\u00e9veit. Marosludason, majd Mv.-en volt \u00fczlete. A Kereskedelmi T\u00e1rsulat tagja. Az els\u0151 vh.-ban mint t\u0171z\u00e9r az olasz fronton harcolt, betegen ker\u00fclt vissza, kit\u00fcntett\u00e9k a II. ez\u00fcst \u00e9s bronz v. \u00e9. \u00e9s a K\u00e1roly Csapatkereszttel. Mv. -r\u0151l deport\u00e1lt\u00e1k feles\u00e9g\u00e9vel (1895\u2013) egy\u00fctt (1944. m\u00e1j. 29.). <br \/><strong>Irod.:<\/strong> Mv. zsid\u00f3s\u00e1ga; Sz\u00e9kelyf\u00f6ld \u00ed. k.<\/br><\/p>\n","protected":false},"excerpt":{"rendered":"<p>Mez\u0151gerebenes, 1895., \u2020\u00a0? : textil kis \u2013 \u00e9s nagykeresked\u0151. \u2013 Iskol\u00e1it Mv.-en v\u00e9gezte, majd a kereskedelmi p\u00e1ly\u00e1n a textil iparban t\u00f6lt\u00f6tte seg\u00e9d\u00e9veit. Marosludason, majd Mv.-en volt \u00fczlete. A Kereskedelmi T\u00e1rsulat tagja. Az els\u0151 vh.-ban mint t\u0171z\u00e9r az olasz fronton harcolt, betegen ker\u00fclt vissza, kit\u00fcntett\u00e9k a II. ez\u00fcst \u00e9s bronz v. \u00e9. \u00e9s a K\u00e1roly Csapatkereszttel. [&hellip;]<\/p>\n","protected":false},"featured_media":0,"comment_status":"open","ping_status":"closed","template":"","meta":[],"product_brand":[],"product_cat":[137],"product_tag":[],"class_list":{"0":"post-9140","1":"product","2":"type-product","3":"status-publish","5":"product_cat-maros-megyei-eletrajzi-lexikon","7":"first","8":"instock","9":"shipping-taxable","10":"product-type-simple"},"_links":{"self":[{"href":"https:\/\/uj.adatbank.ro\/lexikon\/wp-json\/wp\/v2\/product\/9140","targetHints":{"allow":["GET"]}}],"collection":[{"href":"https:\/\/uj.adatbank.ro\/lexikon\/wp-json\/wp\/v2\/product"}],"about":[{"href":"https:\/\/uj.adatbank.ro\/lexikon\/wp-json\/wp\/v2\/types\/product"}],"replies":[{"embeddable":true,"href":"https:\/\/uj.adatbank.ro\/lexikon\/wp-json\/wp\/v2\/comments?post=9140"}],"wp:attachment":[{"href":"https:\/\/uj.adatbank.ro\/lexikon\/wp-json\/wp\/v2\/media?parent=9140"}],"wp:term":[{"taxonomy":"product_brand","embeddable":true,"href":"https:\/\/uj.adatbank.ro\/lexikon\/wp-json\/wp\/v2\/product_brand?post=9140"},{"taxonomy":"product_cat","embeddable":true,"href":"https:\/\/uj.adatbank.ro\/lexikon\/wp-json\/wp\/v2\/product_cat?post=9140"},{"taxonomy":"product_tag","embeddable":true,"href":"https:\/\/uj.adatbank.ro\/lexikon\/wp-json\/wp\/v2\/product_tag?post=9140"}],"curies":[{"name":"wp","href":"https:\/\/api.w.org\/{rel}","templated":true}]}}