{"id":9141,"date":"2025-06-29T10:50:15","date_gmt":"2025-06-29T08:50:15","guid":{"rendered":"https:\/\/uj.adatbank.ro\/lexikon\/termek\/grosz-jehuda-%c2%a7\/"},"modified":"2025-06-29T10:50:15","modified_gmt":"2025-06-29T08:50:15","slug":"grosz-jehuda-%c2%a7","status":"publish","type":"product","link":"https:\/\/uj.adatbank.ro\/lexikon\/termek\/grosz-jehuda-%c2%a7\/","title":{"rendered":"GROSZ Jehuda, \u00a7"},"content":{"rendered":"<p>1907. m\u00e1j., \u2020 Izrael, ? : \u00edr\u00f3. \u2013 Izrael h\u00e1boruinak Mv. -r\u0151l elsz\u00e1rmazott h\u0151si halottja. <br \/><strong>Irod.:<\/strong> Mv. zsid\u00f3s\u00e1ga; Nagy Csaba<\/br><\/p>\n","protected":false},"excerpt":{"rendered":"<p>1907. m\u00e1j., \u2020 Izrael, ? : \u00edr\u00f3. \u2013 Izrael h\u00e1boruinak Mv. -r\u0151l elsz\u00e1rmazott h\u0151si halottja. Irod.: Mv. zsid\u00f3s\u00e1ga; Nagy Csaba<\/p>\n","protected":false},"featured_media":0,"comment_status":"open","ping_status":"closed","template":"","meta":[],"product_brand":[],"product_cat":[137],"product_tag":[],"class_list":{"0":"post-9141","1":"product","2":"type-product","3":"status-publish","5":"product_cat-maros-megyei-eletrajzi-lexikon","7":"first","8":"instock","9":"shipping-taxable","10":"product-type-simple"},"_links":{"self":[{"href":"https:\/\/uj.adatbank.ro\/lexikon\/wp-json\/wp\/v2\/product\/9141","targetHints":{"allow":["GET"]}}],"collection":[{"href":"https:\/\/uj.adatbank.ro\/lexikon\/wp-json\/wp\/v2\/product"}],"about":[{"href":"https:\/\/uj.adatbank.ro\/lexikon\/wp-json\/wp\/v2\/types\/product"}],"replies":[{"embeddable":true,"href":"https:\/\/uj.adatbank.ro\/lexikon\/wp-json\/wp\/v2\/comments?post=9141"}],"wp:attachment":[{"href":"https:\/\/uj.adatbank.ro\/lexikon\/wp-json\/wp\/v2\/media?parent=9141"}],"wp:term":[{"taxonomy":"product_brand","embeddable":true,"href":"https:\/\/uj.adatbank.ro\/lexikon\/wp-json\/wp\/v2\/product_brand?post=9141"},{"taxonomy":"product_cat","embeddable":true,"href":"https:\/\/uj.adatbank.ro\/lexikon\/wp-json\/wp\/v2\/product_cat?post=9141"},{"taxonomy":"product_tag","embeddable":true,"href":"https:\/\/uj.adatbank.ro\/lexikon\/wp-json\/wp\/v2\/product_tag?post=9141"}],"curies":[{"name":"wp","href":"https:\/\/api.w.org\/{rel}","templated":true}]}}