{"id":9142,"date":"2025-06-29T10:50:18","date_gmt":"2025-06-29T08:50:18","guid":{"rendered":"https:\/\/uj.adatbank.ro\/lexikon\/termek\/groza-ioan\/"},"modified":"2025-06-29T10:50:18","modified_gmt":"2025-06-29T08:50:18","slug":"groza-ioan","status":"publish","type":"product","link":"https:\/\/uj.adatbank.ro\/lexikon\/termek\/groza-ioan\/","title":{"rendered":"GROZA Ioan"},"content":{"rendered":"<p>? \u2020\u00a0? : ort. pap. \u2013 Dics\u0151szentm\u00e1rtonban szolg\u00e1lt (1948\u201373), esperes is volt (1950). Szolg\u00e1lt a Szt. Gy\u00f6rgy, a Szenth\u00e1roms\u00e1g \u00e9s a hegyi Sf. Arhangheli Mihail \u015fi Gavril templomban is, amelyet a kommunista rendszerben elvettek a g\u00f6r. kat. -t\u00f3l, \u00e9s az ort. -ok szolg\u00e1lat\u00e1ba juttattak (1948). <br \/><strong>Irod.:<\/strong> T\u00e2rn\u0103veni, cult. \u2013 ist.<\/br><\/p>\n","protected":false},"excerpt":{"rendered":"<p>? \u2020\u00a0? : ort. pap. \u2013 Dics\u0151szentm\u00e1rtonban szolg\u00e1lt (1948\u201373), esperes is volt (1950). Szolg\u00e1lt a Szt. Gy\u00f6rgy, a Szenth\u00e1roms\u00e1g \u00e9s a hegyi Sf. Arhangheli Mihail \u015fi Gavril templomban is, amelyet a kommunista rendszerben elvettek a g\u00f6r. kat. -t\u00f3l, \u00e9s az ort. -ok szolg\u00e1lat\u00e1ba juttattak (1948). Irod.: T\u00e2rn\u0103veni, cult. \u2013 ist.<\/p>\n","protected":false},"featured_media":0,"comment_status":"open","ping_status":"closed","template":"","meta":[],"product_brand":[],"product_cat":[137],"product_tag":[],"class_list":{"0":"post-9142","1":"product","2":"type-product","3":"status-publish","5":"product_cat-maros-megyei-eletrajzi-lexikon","7":"first","8":"instock","9":"shipping-taxable","10":"product-type-simple"},"_links":{"self":[{"href":"https:\/\/uj.adatbank.ro\/lexikon\/wp-json\/wp\/v2\/product\/9142","targetHints":{"allow":["GET"]}}],"collection":[{"href":"https:\/\/uj.adatbank.ro\/lexikon\/wp-json\/wp\/v2\/product"}],"about":[{"href":"https:\/\/uj.adatbank.ro\/lexikon\/wp-json\/wp\/v2\/types\/product"}],"replies":[{"embeddable":true,"href":"https:\/\/uj.adatbank.ro\/lexikon\/wp-json\/wp\/v2\/comments?post=9142"}],"wp:attachment":[{"href":"https:\/\/uj.adatbank.ro\/lexikon\/wp-json\/wp\/v2\/media?parent=9142"}],"wp:term":[{"taxonomy":"product_brand","embeddable":true,"href":"https:\/\/uj.adatbank.ro\/lexikon\/wp-json\/wp\/v2\/product_brand?post=9142"},{"taxonomy":"product_cat","embeddable":true,"href":"https:\/\/uj.adatbank.ro\/lexikon\/wp-json\/wp\/v2\/product_cat?post=9142"},{"taxonomy":"product_tag","embeddable":true,"href":"https:\/\/uj.adatbank.ro\/lexikon\/wp-json\/wp\/v2\/product_tag?post=9142"}],"curies":[{"name":"wp","href":"https:\/\/api.w.org\/{rel}","templated":true}]}}