{"id":9143,"date":"2025-06-29T10:50:20","date_gmt":"2025-06-29T08:50:20","guid":{"rendered":"https:\/\/uj.adatbank.ro\/lexikon\/termek\/groza-petru\/"},"modified":"2025-06-29T10:50:20","modified_gmt":"2025-06-29T08:50:20","slug":"groza-petru","status":"publish","type":"product","link":"https:\/\/uj.adatbank.ro\/lexikon\/termek\/groza-petru\/","title":{"rendered":"GROZA Petru"},"content":{"rendered":"<p>B\u00e1csi, 1884. dec. 7., \u2020 Buk., 1958. jan. 7.: politikus. Rom\u00e1nia minisztereln\u00f6ke (1945. m\u00e1rc. 6. \u2013 1952. j\u00fan. 2.), az \u00c1llamtan\u00e1cs eln\u00f6ke (1952. j\u00fan. 12. \u2013 1958. jan. 7.). \u2013 Jogot magyarul v\u00e9gezte a pesti egyetemen, Lipcs\u00e9ben \u00e9s Berlinben v\u00e9gzett. Bern\u00e1dy Gy\u00f6rgy j\u00f3 ismer\u0151se, seg\u00edts\u00e9g\u00e9vel nem lakoltatt\u00e1k ki Bern\u00e1dyn\u00e9t a mv.-i h\u00e1zukb\u00f3l (1948). El\u0151fordult, hogy alkalmank\u00e9nt Bern\u00e1dy Gy\u00f6rgy besz\u00e9d\u00e9t rom\u00e1n nyelvre ford\u00edtotta (pl. Ciucea, 1923. \u00e9s 1924. nov. 25.). <br \/><strong>Irod.:<\/strong> Bern\u00e1dy; Magyar Erd\u00e9lyben; Poszler Gy\u00f6rgy<\/br><\/p>\n","protected":false},"excerpt":{"rendered":"<p>B\u00e1csi, 1884. dec. 7., \u2020 Buk., 1958. jan. 7.: politikus. Rom\u00e1nia minisztereln\u00f6ke (1945. m\u00e1rc. 6. \u2013 1952. j\u00fan. 2.), az \u00c1llamtan\u00e1cs eln\u00f6ke (1952. j\u00fan. 12. \u2013 1958. jan. 7.). \u2013 Jogot magyarul v\u00e9gezte a pesti egyetemen, Lipcs\u00e9ben \u00e9s Berlinben v\u00e9gzett. Bern\u00e1dy Gy\u00f6rgy j\u00f3 ismer\u0151se, seg\u00edts\u00e9g\u00e9vel nem lakoltatt\u00e1k ki Bern\u00e1dyn\u00e9t a mv.-i h\u00e1zukb\u00f3l (1948). El\u0151fordult, hogy [&hellip;]<\/p>\n","protected":false},"featured_media":0,"comment_status":"open","ping_status":"closed","template":"","meta":[],"product_brand":[],"product_cat":[137],"product_tag":[],"class_list":{"0":"post-9143","1":"product","2":"type-product","3":"status-publish","5":"product_cat-maros-megyei-eletrajzi-lexikon","7":"first","8":"instock","9":"shipping-taxable","10":"product-type-simple"},"_links":{"self":[{"href":"https:\/\/uj.adatbank.ro\/lexikon\/wp-json\/wp\/v2\/product\/9143","targetHints":{"allow":["GET"]}}],"collection":[{"href":"https:\/\/uj.adatbank.ro\/lexikon\/wp-json\/wp\/v2\/product"}],"about":[{"href":"https:\/\/uj.adatbank.ro\/lexikon\/wp-json\/wp\/v2\/types\/product"}],"replies":[{"embeddable":true,"href":"https:\/\/uj.adatbank.ro\/lexikon\/wp-json\/wp\/v2\/comments?post=9143"}],"wp:attachment":[{"href":"https:\/\/uj.adatbank.ro\/lexikon\/wp-json\/wp\/v2\/media?parent=9143"}],"wp:term":[{"taxonomy":"product_brand","embeddable":true,"href":"https:\/\/uj.adatbank.ro\/lexikon\/wp-json\/wp\/v2\/product_brand?post=9143"},{"taxonomy":"product_cat","embeddable":true,"href":"https:\/\/uj.adatbank.ro\/lexikon\/wp-json\/wp\/v2\/product_cat?post=9143"},{"taxonomy":"product_tag","embeddable":true,"href":"https:\/\/uj.adatbank.ro\/lexikon\/wp-json\/wp\/v2\/product_tag?post=9143"}],"curies":[{"name":"wp","href":"https:\/\/api.w.org\/{rel}","templated":true}]}}