{"id":9147,"date":"2025-06-29T10:50:30","date_gmt":"2025-06-29T08:50:30","guid":{"rendered":"https:\/\/uj.adatbank.ro\/lexikon\/termek\/grubei-borbala-sandor-berta-borbala\/"},"modified":"2025-06-29T10:50:30","modified_gmt":"2025-06-29T08:50:30","slug":"grubei-borbala-sandor-berta-borbala","status":"publish","type":"product","link":"https:\/\/uj.adatbank.ro\/lexikon\/termek\/grubei-borbala-sandor-berta-borbala\/","title":{"rendered":"GRUBEI Borb\u00e1la, S\u00e1ndor Berta Borb\u00e1la"},"content":{"rendered":"<p>Zetelaka, 1940. \u2020 Mv., 2016: orvos. \u2013 F\u00e9rje Grubei S\u00e1ndor, m\u00e9rn\u00f6k. \u2013 A MOGYI orvos kar\u00e1n v\u00e9gzett (1965). <br \/><strong>Irod.:<\/strong> Kiss-P \u2013 P<\/br><\/p>\n","protected":false},"excerpt":{"rendered":"<p>Zetelaka, 1940. \u2020 Mv., 2016: orvos. \u2013 F\u00e9rje Grubei S\u00e1ndor, m\u00e9rn\u00f6k. \u2013 A MOGYI orvos kar\u00e1n v\u00e9gzett (1965). Irod.: Kiss-P \u2013 P<\/p>\n","protected":false},"featured_media":0,"comment_status":"open","ping_status":"closed","template":"","meta":[],"product_brand":[],"product_cat":[137],"product_tag":[],"class_list":{"0":"post-9147","1":"product","2":"type-product","3":"status-publish","5":"product_cat-maros-megyei-eletrajzi-lexikon","7":"first","8":"instock","9":"shipping-taxable","10":"product-type-simple"},"_links":{"self":[{"href":"https:\/\/uj.adatbank.ro\/lexikon\/wp-json\/wp\/v2\/product\/9147","targetHints":{"allow":["GET"]}}],"collection":[{"href":"https:\/\/uj.adatbank.ro\/lexikon\/wp-json\/wp\/v2\/product"}],"about":[{"href":"https:\/\/uj.adatbank.ro\/lexikon\/wp-json\/wp\/v2\/types\/product"}],"replies":[{"embeddable":true,"href":"https:\/\/uj.adatbank.ro\/lexikon\/wp-json\/wp\/v2\/comments?post=9147"}],"wp:attachment":[{"href":"https:\/\/uj.adatbank.ro\/lexikon\/wp-json\/wp\/v2\/media?parent=9147"}],"wp:term":[{"taxonomy":"product_brand","embeddable":true,"href":"https:\/\/uj.adatbank.ro\/lexikon\/wp-json\/wp\/v2\/product_brand?post=9147"},{"taxonomy":"product_cat","embeddable":true,"href":"https:\/\/uj.adatbank.ro\/lexikon\/wp-json\/wp\/v2\/product_cat?post=9147"},{"taxonomy":"product_tag","embeddable":true,"href":"https:\/\/uj.adatbank.ro\/lexikon\/wp-json\/wp\/v2\/product_tag?post=9147"}],"curies":[{"name":"wp","href":"https:\/\/api.w.org\/{rel}","templated":true}]}}