{"id":9148,"date":"2025-06-29T10:50:32","date_gmt":"2025-06-29T08:50:32","guid":{"rendered":"https:\/\/uj.adatbank.ro\/lexikon\/termek\/gruber-erno-lorinc\/"},"modified":"2025-06-29T10:50:32","modified_gmt":"2025-06-29T08:50:32","slug":"gruber-erno-lorinc","status":"publish","type":"product","link":"https:\/\/uj.adatbank.ro\/lexikon\/termek\/gruber-erno-lorinc\/","title":{"rendered":"GRUBER Ern\u0151 L\u0151rinc"},"content":{"rendered":"<p>Arad, 1909., \u2020\u00a0Arad, 1962.: szerzetes. \u2013 Teol\u00f3giai dr., helyettes rendf\u0151n\u00f6k. A Magyaro.-hoz visszacsatolt rendh\u00e1zak vezet\u0151je (1940\u2013). <br \/><strong>Irod.:<\/strong> Maros megyei t\u00f6rt.<\/br><\/p>\n","protected":false},"excerpt":{"rendered":"<p>Arad, 1909., \u2020\u00a0Arad, 1962.: szerzetes. \u2013 Teol\u00f3giai dr., helyettes rendf\u0151n\u00f6k. A Magyaro.-hoz visszacsatolt rendh\u00e1zak vezet\u0151je (1940\u2013). Irod.: Maros megyei t\u00f6rt.<\/p>\n","protected":false},"featured_media":0,"comment_status":"open","ping_status":"closed","template":"","meta":[],"product_brand":[],"product_cat":[137],"product_tag":[],"class_list":{"0":"post-9148","1":"product","2":"type-product","3":"status-publish","5":"product_cat-maros-megyei-eletrajzi-lexikon","7":"first","8":"instock","9":"shipping-taxable","10":"product-type-simple"},"_links":{"self":[{"href":"https:\/\/uj.adatbank.ro\/lexikon\/wp-json\/wp\/v2\/product\/9148","targetHints":{"allow":["GET"]}}],"collection":[{"href":"https:\/\/uj.adatbank.ro\/lexikon\/wp-json\/wp\/v2\/product"}],"about":[{"href":"https:\/\/uj.adatbank.ro\/lexikon\/wp-json\/wp\/v2\/types\/product"}],"replies":[{"embeddable":true,"href":"https:\/\/uj.adatbank.ro\/lexikon\/wp-json\/wp\/v2\/comments?post=9148"}],"wp:attachment":[{"href":"https:\/\/uj.adatbank.ro\/lexikon\/wp-json\/wp\/v2\/media?parent=9148"}],"wp:term":[{"taxonomy":"product_brand","embeddable":true,"href":"https:\/\/uj.adatbank.ro\/lexikon\/wp-json\/wp\/v2\/product_brand?post=9148"},{"taxonomy":"product_cat","embeddable":true,"href":"https:\/\/uj.adatbank.ro\/lexikon\/wp-json\/wp\/v2\/product_cat?post=9148"},{"taxonomy":"product_tag","embeddable":true,"href":"https:\/\/uj.adatbank.ro\/lexikon\/wp-json\/wp\/v2\/product_tag?post=9148"}],"curies":[{"name":"wp","href":"https:\/\/api.w.org\/{rel}","templated":true}]}}