{"id":9149,"date":"2025-06-29T10:50:34","date_gmt":"2025-06-29T08:50:34","guid":{"rendered":"https:\/\/uj.adatbank.ro\/lexikon\/termek\/gruber-laszlo\/"},"modified":"2025-06-29T10:50:34","modified_gmt":"2025-06-29T08:50:34","slug":"gruber-laszlo","status":"publish","type":"product","link":"https:\/\/uj.adatbank.ro\/lexikon\/termek\/gruber-laszlo\/","title":{"rendered":"GRUBER L\u00e1szl\u00f3"},"content":{"rendered":"<p>?. \u2020 Karlsruhe (N\u00e9metorsz\u00e1g), 2017. j\u00fal. 9.: Kos\u00e1rlabd\u00e1z\u00f3. <br \/><strong>Irod.:<\/strong> Gy\u00e1szjelent\u0151; N\u00fa. (2312 \u2013 1)<\/br><\/p>\n","protected":false},"excerpt":{"rendered":"<p>?. \u2020 Karlsruhe (N\u00e9metorsz\u00e1g), 2017. j\u00fal. 9.: Kos\u00e1rlabd\u00e1z\u00f3. Irod.: Gy\u00e1szjelent\u0151; N\u00fa. (2312 \u2013 1)<\/p>\n","protected":false},"featured_media":0,"comment_status":"open","ping_status":"closed","template":"","meta":[],"product_brand":[],"product_cat":[137],"product_tag":[],"class_list":{"0":"post-9149","1":"product","2":"type-product","3":"status-publish","5":"product_cat-maros-megyei-eletrajzi-lexikon","7":"first","8":"instock","9":"shipping-taxable","10":"product-type-simple"},"_links":{"self":[{"href":"https:\/\/uj.adatbank.ro\/lexikon\/wp-json\/wp\/v2\/product\/9149","targetHints":{"allow":["GET"]}}],"collection":[{"href":"https:\/\/uj.adatbank.ro\/lexikon\/wp-json\/wp\/v2\/product"}],"about":[{"href":"https:\/\/uj.adatbank.ro\/lexikon\/wp-json\/wp\/v2\/types\/product"}],"replies":[{"embeddable":true,"href":"https:\/\/uj.adatbank.ro\/lexikon\/wp-json\/wp\/v2\/comments?post=9149"}],"wp:attachment":[{"href":"https:\/\/uj.adatbank.ro\/lexikon\/wp-json\/wp\/v2\/media?parent=9149"}],"wp:term":[{"taxonomy":"product_brand","embeddable":true,"href":"https:\/\/uj.adatbank.ro\/lexikon\/wp-json\/wp\/v2\/product_brand?post=9149"},{"taxonomy":"product_cat","embeddable":true,"href":"https:\/\/uj.adatbank.ro\/lexikon\/wp-json\/wp\/v2\/product_cat?post=9149"},{"taxonomy":"product_tag","embeddable":true,"href":"https:\/\/uj.adatbank.ro\/lexikon\/wp-json\/wp\/v2\/product_tag?post=9149"}],"curies":[{"name":"wp","href":"https:\/\/api.w.org\/{rel}","templated":true}]}}