{"id":9151,"date":"2025-06-29T10:50:41","date_gmt":"2025-06-29T08:50:41","guid":{"rendered":"https:\/\/uj.adatbank.ro\/lexikon\/termek\/gruber-sandor\/"},"modified":"2025-06-29T10:50:41","modified_gmt":"2025-06-29T08:50:41","slug":"gruber-sandor","status":"publish","type":"product","link":"https:\/\/uj.adatbank.ro\/lexikon\/termek\/gruber-sandor\/","title":{"rendered":"GRUBER S\u00e1ndor"},"content":{"rendered":"<p>Cs\u00edkszereda, 1895., \u2020\u00a0?: rabbihelyettes, f\u0151k\u00e1ntor. \u2013 K\u00f6z\u00e9piskol\u00e1it Nagysz\u0151ll\u0151s\u00f6n, Talmud tanulm\u00e1nyokat Huszton, Hunfalv\u00e1n \u00e9s Pozsonyban v\u00e9gzett, ut\u00f3bbi helyen papi oklevelet nyer, majd a bp.-i zenekonzervatoriumban tanult. P\u00e1ly\u00e1j\u00e1t Bp.-en kezdte a VIII. Ker. Templom hitsz\u00f3noka \u00e9s f\u0151k\u00e1ntora volt, majd Piatra Nem\u0163-ra ker\u00fclt mint f\u0151rabbi \u00e9s k\u00e1ntor, R\u0103d\u0103u\u0163-ban mint hittan\u00e1r \u00e9s f\u0151k\u00e1ntor m\u0171k\u00f6d\u00f6tt. Innen Jeruzs\u00e1lembe t\u00e1vozott, a Churva templom f\u0151k\u00e1ntora, majd Kairoba ment. Mv. -re ker\u00fclt (1926\u2013), ahol rabbihelyettes \u00e9s f\u0151k\u00e1ntor. Sz\u00e9lesk\u00f6r\u0171 ismeretekkel rendelkezett, amiket el\u0151ny\u00f6sen haszn\u00e1lt fel egyh\u00e1za \u00e9rdek\u00e9ben. Sz\u00e1mos vall\u00e1si \u00e9s vall\u00e1spedag\u00f3giai cikke van, k\u00e9t biblia \u00e9s talmud m\u0171ve jelent meg. A mv.-i rabbi iskola talmud el\u0151ad\u00f3ja volt, k\u00f6zrem\u0171k\u00f6d\u00f6tt a palesztinai h\u00e9ber egyetem felavat\u00e1s\u00e1n\u00e1l \u00e9s 15 palesztinai v\u00e1ros \u00e9s kol\u00f3nia kit\u00fcntet\u00e9s\u00e9ben r\u00e9szes\u00fclt. A Kadima sportegyes\u00fclet alap\u00edt\u00f3ja, \u00e9s v\u00e1logatott tagja, a Zsid\u00f3 Nemzeti Sz\u00f6vets\u00e9g v\u00e1lasztott tagja, azon kiv\u00fcl t\u00f6bb kultur\u00e1lis egyes\u00fclet tagja volt. <br \/><strong>Irod.:<\/strong> Ki kicsoda?<\/br><\/p>\n","protected":false},"excerpt":{"rendered":"<p>Cs\u00edkszereda, 1895., \u2020\u00a0?: rabbihelyettes, f\u0151k\u00e1ntor. \u2013 K\u00f6z\u00e9piskol\u00e1it Nagysz\u0151ll\u0151s\u00f6n, Talmud tanulm\u00e1nyokat Huszton, Hunfalv\u00e1n \u00e9s Pozsonyban v\u00e9gzett, ut\u00f3bbi helyen papi oklevelet nyer, majd a bp.-i zenekonzervatoriumban tanult. P\u00e1ly\u00e1j\u00e1t Bp.-en kezdte a VIII. Ker. Templom hitsz\u00f3noka \u00e9s f\u0151k\u00e1ntora volt, majd Piatra Nem\u0163-ra ker\u00fclt mint f\u0151rabbi \u00e9s k\u00e1ntor, R\u0103d\u0103u\u0163-ban mint hittan\u00e1r \u00e9s f\u0151k\u00e1ntor m\u0171k\u00f6d\u00f6tt. Innen Jeruzs\u00e1lembe t\u00e1vozott, a Churva [&hellip;]<\/p>\n","protected":false},"featured_media":0,"comment_status":"open","ping_status":"closed","template":"","meta":[],"product_brand":[],"product_cat":[137],"product_tag":[],"class_list":{"0":"post-9151","1":"product","2":"type-product","3":"status-publish","5":"product_cat-maros-megyei-eletrajzi-lexikon","7":"first","8":"instock","9":"shipping-taxable","10":"product-type-simple"},"_links":{"self":[{"href":"https:\/\/uj.adatbank.ro\/lexikon\/wp-json\/wp\/v2\/product\/9151","targetHints":{"allow":["GET"]}}],"collection":[{"href":"https:\/\/uj.adatbank.ro\/lexikon\/wp-json\/wp\/v2\/product"}],"about":[{"href":"https:\/\/uj.adatbank.ro\/lexikon\/wp-json\/wp\/v2\/types\/product"}],"replies":[{"embeddable":true,"href":"https:\/\/uj.adatbank.ro\/lexikon\/wp-json\/wp\/v2\/comments?post=9151"}],"wp:attachment":[{"href":"https:\/\/uj.adatbank.ro\/lexikon\/wp-json\/wp\/v2\/media?parent=9151"}],"wp:term":[{"taxonomy":"product_brand","embeddable":true,"href":"https:\/\/uj.adatbank.ro\/lexikon\/wp-json\/wp\/v2\/product_brand?post=9151"},{"taxonomy":"product_cat","embeddable":true,"href":"https:\/\/uj.adatbank.ro\/lexikon\/wp-json\/wp\/v2\/product_cat?post=9151"},{"taxonomy":"product_tag","embeddable":true,"href":"https:\/\/uj.adatbank.ro\/lexikon\/wp-json\/wp\/v2\/product_tag?post=9151"}],"curies":[{"name":"wp","href":"https:\/\/api.w.org\/{rel}","templated":true}]}}