{"id":9152,"date":"2025-06-29T10:50:42","date_gmt":"2025-06-29T08:50:42","guid":{"rendered":"https:\/\/uj.adatbank.ro\/lexikon\/termek\/gruja-etelka\/"},"modified":"2025-06-29T10:50:42","modified_gmt":"2025-06-29T08:50:42","slug":"gruja-etelka","status":"publish","type":"product","link":"https:\/\/uj.adatbank.ro\/lexikon\/termek\/gruja-etelka\/","title":{"rendered":"GRUJA Etelka"},"content":{"rendered":"<p>Hunyadmegye, ? \u2020\u00a0? : tan\u00edt\u00f3n\u0151. \u2013 A tan\u00edt\u00f3k\u00e9pz\u0151t Sz\u00e9kelyudvarhelyen v\u00e9gezte, Harasztker\u00e9ken tan\u00edtott (1939\u2013). Marosszentgy\u00f6rgy\u00f6n oktatott a ref. egyh\u00e1zi iskol\u00e1ban (1942. aug. 23. \u2013 1944. aug. 23.). A h\u00e1bor\u00fa v\u00e9g\u00e9n t\u00e1vozott a k\u00f6zs\u00e9gb\u0151l. <br \/><strong>Irod.:<\/strong> S\u00e2ngeorgiu de Mure\u015f \u2013 \u015ecoala, Sz\u00e9kelyf\u00f6ld \u00ed. k<\/br><\/p>\n","protected":false},"excerpt":{"rendered":"<p>Hunyadmegye, ? \u2020\u00a0? : tan\u00edt\u00f3n\u0151. \u2013 A tan\u00edt\u00f3k\u00e9pz\u0151t Sz\u00e9kelyudvarhelyen v\u00e9gezte, Harasztker\u00e9ken tan\u00edtott (1939\u2013). Marosszentgy\u00f6rgy\u00f6n oktatott a ref. egyh\u00e1zi iskol\u00e1ban (1942. aug. 23. \u2013 1944. aug. 23.). A h\u00e1bor\u00fa v\u00e9g\u00e9n t\u00e1vozott a k\u00f6zs\u00e9gb\u0151l. Irod.: S\u00e2ngeorgiu de Mure\u015f \u2013 \u015ecoala, Sz\u00e9kelyf\u00f6ld \u00ed. k<\/p>\n","protected":false},"featured_media":0,"comment_status":"open","ping_status":"closed","template":"","meta":[],"product_brand":[],"product_cat":[137],"product_tag":[],"class_list":{"0":"post-9152","1":"product","2":"type-product","3":"status-publish","5":"product_cat-maros-megyei-eletrajzi-lexikon","7":"first","8":"instock","9":"shipping-taxable","10":"product-type-simple"},"_links":{"self":[{"href":"https:\/\/uj.adatbank.ro\/lexikon\/wp-json\/wp\/v2\/product\/9152","targetHints":{"allow":["GET"]}}],"collection":[{"href":"https:\/\/uj.adatbank.ro\/lexikon\/wp-json\/wp\/v2\/product"}],"about":[{"href":"https:\/\/uj.adatbank.ro\/lexikon\/wp-json\/wp\/v2\/types\/product"}],"replies":[{"embeddable":true,"href":"https:\/\/uj.adatbank.ro\/lexikon\/wp-json\/wp\/v2\/comments?post=9152"}],"wp:attachment":[{"href":"https:\/\/uj.adatbank.ro\/lexikon\/wp-json\/wp\/v2\/media?parent=9152"}],"wp:term":[{"taxonomy":"product_brand","embeddable":true,"href":"https:\/\/uj.adatbank.ro\/lexikon\/wp-json\/wp\/v2\/product_brand?post=9152"},{"taxonomy":"product_cat","embeddable":true,"href":"https:\/\/uj.adatbank.ro\/lexikon\/wp-json\/wp\/v2\/product_cat?post=9152"},{"taxonomy":"product_tag","embeddable":true,"href":"https:\/\/uj.adatbank.ro\/lexikon\/wp-json\/wp\/v2\/product_tag?post=9152"}],"curies":[{"name":"wp","href":"https:\/\/api.w.org\/{rel}","templated":true}]}}