{"id":9155,"date":"2025-06-29T10:50:49","date_gmt":"2025-06-29T08:50:49","guid":{"rendered":"https:\/\/uj.adatbank.ro\/lexikon\/termek\/grun-dezso\/"},"modified":"2025-06-29T10:50:49","modified_gmt":"2025-06-29T08:50:49","slug":"grun-dezso","status":"publish","type":"product","link":"https:\/\/uj.adatbank.ro\/lexikon\/termek\/grun-dezso\/","title":{"rendered":"GR\u00dcN Dezs\u0151"},"content":{"rendered":"<p>? \u2020\u00a0? : vasmunk\u00e1s. \u2013 A mv.-i KISZ keret\u00e9ben (1920\u2013), k\u00e9s\u0151bb a KP-ban tev\u00e9kenykedett. <br \/><strong>Irod.:<\/strong> Katona Szab\u00f3<\/br><\/p>\n","protected":false},"excerpt":{"rendered":"<p>? \u2020\u00a0? : vasmunk\u00e1s. \u2013 A mv.-i KISZ keret\u00e9ben (1920\u2013), k\u00e9s\u0151bb a KP-ban tev\u00e9kenykedett. Irod.: Katona Szab\u00f3<\/p>\n","protected":false},"featured_media":0,"comment_status":"open","ping_status":"closed","template":"","meta":[],"product_brand":[],"product_cat":[137],"product_tag":[],"class_list":{"0":"post-9155","1":"product","2":"type-product","3":"status-publish","5":"product_cat-maros-megyei-eletrajzi-lexikon","7":"first","8":"instock","9":"shipping-taxable","10":"product-type-simple"},"_links":{"self":[{"href":"https:\/\/uj.adatbank.ro\/lexikon\/wp-json\/wp\/v2\/product\/9155","targetHints":{"allow":["GET"]}}],"collection":[{"href":"https:\/\/uj.adatbank.ro\/lexikon\/wp-json\/wp\/v2\/product"}],"about":[{"href":"https:\/\/uj.adatbank.ro\/lexikon\/wp-json\/wp\/v2\/types\/product"}],"replies":[{"embeddable":true,"href":"https:\/\/uj.adatbank.ro\/lexikon\/wp-json\/wp\/v2\/comments?post=9155"}],"wp:attachment":[{"href":"https:\/\/uj.adatbank.ro\/lexikon\/wp-json\/wp\/v2\/media?parent=9155"}],"wp:term":[{"taxonomy":"product_brand","embeddable":true,"href":"https:\/\/uj.adatbank.ro\/lexikon\/wp-json\/wp\/v2\/product_brand?post=9155"},{"taxonomy":"product_cat","embeddable":true,"href":"https:\/\/uj.adatbank.ro\/lexikon\/wp-json\/wp\/v2\/product_cat?post=9155"},{"taxonomy":"product_tag","embeddable":true,"href":"https:\/\/uj.adatbank.ro\/lexikon\/wp-json\/wp\/v2\/product_tag?post=9155"}],"curies":[{"name":"wp","href":"https:\/\/api.w.org\/{rel}","templated":true}]}}