{"id":9156,"date":"2025-06-29T10:50:51","date_gmt":"2025-06-29T08:50:51","guid":{"rendered":"https:\/\/uj.adatbank.ro\/lexikon\/termek\/grun-dezso-%c2%a7\/"},"modified":"2025-06-29T10:50:51","modified_gmt":"2025-06-29T08:50:51","slug":"grun-dezso-%c2%a7","status":"publish","type":"product","link":"https:\/\/uj.adatbank.ro\/lexikon\/termek\/grun-dezso-%c2%a7\/","title":{"rendered":"GR\u00dcN Dezs\u0151, \u00a7"},"content":{"rendered":"<p>? \u2020\u00a0? : keresked\u0151. \u2013 Testv\u00e9r: G. M\u00e1rton (\u2020\u00a01915) az orosz harct\u00e9ren \u00e9rte a h\u0151si hal\u00e1l. \u2013 Textilkeresked\u0151 Mv.-en. Bevonult a mv.-i 62. gy. ezredhez (1912. okt. \u2013 18. nov.), orosz, olasz \u00e9s francia harct\u00e9ren arcvonal \u2013 \u00e9s sz\u00e1mv\u00edv\u0151 szolg\u00e1latot teljes\u00edtett, mint \u0151rmester. <strong>Kit\u00fcntet\u00e9sei:<\/strong> O 2 , Ob, koron\u00e1s vas \u00e9rd. kereszt, a v. \u00e9. sz., K\u00e1roly csapatkereszt cs. k., seb. \u00e9rem. <br \/><strong>Irod.:<\/strong> M. hadviselt zsid\u00f3k<\/br><\/p>\n","protected":false},"excerpt":{"rendered":"<p>? \u2020\u00a0? : keresked\u0151. \u2013 Testv\u00e9r: G. M\u00e1rton (\u2020\u00a01915) az orosz harct\u00e9ren \u00e9rte a h\u0151si hal\u00e1l. \u2013 Textilkeresked\u0151 Mv.-en. Bevonult a mv.-i 62. gy. ezredhez (1912. okt. \u2013 18. nov.), orosz, olasz \u00e9s francia harct\u00e9ren arcvonal \u2013 \u00e9s sz\u00e1mv\u00edv\u0151 szolg\u00e1latot teljes\u00edtett, mint \u0151rmester. Kit\u00fcntet\u00e9sei: O 2 , Ob, koron\u00e1s vas \u00e9rd. kereszt, a v. \u00e9. [&hellip;]<\/p>\n","protected":false},"featured_media":0,"comment_status":"open","ping_status":"closed","template":"","meta":[],"product_brand":[],"product_cat":[137],"product_tag":[],"class_list":{"0":"post-9156","1":"product","2":"type-product","3":"status-publish","5":"product_cat-maros-megyei-eletrajzi-lexikon","7":"first","8":"instock","9":"shipping-taxable","10":"product-type-simple"},"_links":{"self":[{"href":"https:\/\/uj.adatbank.ro\/lexikon\/wp-json\/wp\/v2\/product\/9156","targetHints":{"allow":["GET"]}}],"collection":[{"href":"https:\/\/uj.adatbank.ro\/lexikon\/wp-json\/wp\/v2\/product"}],"about":[{"href":"https:\/\/uj.adatbank.ro\/lexikon\/wp-json\/wp\/v2\/types\/product"}],"replies":[{"embeddable":true,"href":"https:\/\/uj.adatbank.ro\/lexikon\/wp-json\/wp\/v2\/comments?post=9156"}],"wp:attachment":[{"href":"https:\/\/uj.adatbank.ro\/lexikon\/wp-json\/wp\/v2\/media?parent=9156"}],"wp:term":[{"taxonomy":"product_brand","embeddable":true,"href":"https:\/\/uj.adatbank.ro\/lexikon\/wp-json\/wp\/v2\/product_brand?post=9156"},{"taxonomy":"product_cat","embeddable":true,"href":"https:\/\/uj.adatbank.ro\/lexikon\/wp-json\/wp\/v2\/product_cat?post=9156"},{"taxonomy":"product_tag","embeddable":true,"href":"https:\/\/uj.adatbank.ro\/lexikon\/wp-json\/wp\/v2\/product_tag?post=9156"}],"curies":[{"name":"wp","href":"https:\/\/api.w.org\/{rel}","templated":true}]}}