{"id":9157,"date":"2025-06-29T10:50:52","date_gmt":"2025-06-29T08:50:52","guid":{"rendered":"https:\/\/uj.adatbank.ro\/lexikon\/termek\/grun-ferenc-%c2%a7\/"},"modified":"2025-06-29T10:50:52","modified_gmt":"2025-06-29T08:50:52","slug":"grun-ferenc-%c2%a7","status":"publish","type":"product","link":"https:\/\/uj.adatbank.ro\/lexikon\/termek\/grun-ferenc-%c2%a7\/","title":{"rendered":"GR\u00dcN Ferenc, \u00a7"},"content":{"rendered":"<p>? \u2020\u00a0? : a Maros megyei p\u00e1rtkabinet ir\u00e1ny\u00edt\u00f3ja <br \/><strong>Irod.:<\/strong> Erd\u00e9lyi Lajos: Ing\u00e1z\u00f3k \u2013 az \u00e9rdekl\u0151d\u00e9s el\u0151ter\u00e9ben (\u00daj \u00c9let, 7. sz., 1980)<\/br><\/p>\n","protected":false},"excerpt":{"rendered":"<p>? \u2020\u00a0? : a Maros megyei p\u00e1rtkabinet ir\u00e1ny\u00edt\u00f3ja Irod.: Erd\u00e9lyi Lajos: Ing\u00e1z\u00f3k \u2013 az \u00e9rdekl\u0151d\u00e9s el\u0151ter\u00e9ben (\u00daj \u00c9let, 7. sz., 1980)<\/p>\n","protected":false},"featured_media":0,"comment_status":"open","ping_status":"closed","template":"","meta":[],"product_brand":[],"product_cat":[137],"product_tag":[],"class_list":{"0":"post-9157","1":"product","2":"type-product","3":"status-publish","5":"product_cat-maros-megyei-eletrajzi-lexikon","7":"first","8":"instock","9":"shipping-taxable","10":"product-type-simple"},"_links":{"self":[{"href":"https:\/\/uj.adatbank.ro\/lexikon\/wp-json\/wp\/v2\/product\/9157","targetHints":{"allow":["GET"]}}],"collection":[{"href":"https:\/\/uj.adatbank.ro\/lexikon\/wp-json\/wp\/v2\/product"}],"about":[{"href":"https:\/\/uj.adatbank.ro\/lexikon\/wp-json\/wp\/v2\/types\/product"}],"replies":[{"embeddable":true,"href":"https:\/\/uj.adatbank.ro\/lexikon\/wp-json\/wp\/v2\/comments?post=9157"}],"wp:attachment":[{"href":"https:\/\/uj.adatbank.ro\/lexikon\/wp-json\/wp\/v2\/media?parent=9157"}],"wp:term":[{"taxonomy":"product_brand","embeddable":true,"href":"https:\/\/uj.adatbank.ro\/lexikon\/wp-json\/wp\/v2\/product_brand?post=9157"},{"taxonomy":"product_cat","embeddable":true,"href":"https:\/\/uj.adatbank.ro\/lexikon\/wp-json\/wp\/v2\/product_cat?post=9157"},{"taxonomy":"product_tag","embeddable":true,"href":"https:\/\/uj.adatbank.ro\/lexikon\/wp-json\/wp\/v2\/product_tag?post=9157"}],"curies":[{"name":"wp","href":"https:\/\/api.w.org\/{rel}","templated":true}]}}