{"id":9159,"date":"2025-06-29T10:50:55","date_gmt":"2025-06-29T08:50:55","guid":{"rendered":"https:\/\/uj.adatbank.ro\/lexikon\/termek\/grun-jozsef\/"},"modified":"2025-06-29T10:50:55","modified_gmt":"2025-06-29T08:50:55","slug":"grun-jozsef","status":"publish","type":"product","link":"https:\/\/uj.adatbank.ro\/lexikon\/termek\/grun-jozsef\/","title":{"rendered":"GR\u00dcN J\u00f3zsef"},"content":{"rendered":"<p>? \u2020\u00a0? : metsz\u0151. \u2013 A mv.-i zsid\u00f3 hitk\u00f6zs\u00e9gben m\u0171k\u00f6d\u00f6tt mint sakter \u00e9s a fia kih\u00e1zas\u00edt\u00e1sakor r\u00e9szes\u00fclt az \u00fan. kih\u00e1zas\u00edt\u00e1si alapb\u00f3l (1934). <br \/><strong>Irod.:<\/strong> Sebesty\u00e9n Mih\u00e1ly-Diamanstein Gy\u00f6rgy: Egy els\u00fclyedt vil\u00e1g \u00e9breszt\u00e9se = Eml\u00e9kk. Szab\u00f3 Mikl\u00f3s<\/br><\/p>\n","protected":false},"excerpt":{"rendered":"<p>? \u2020\u00a0? : metsz\u0151. \u2013 A mv.-i zsid\u00f3 hitk\u00f6zs\u00e9gben m\u0171k\u00f6d\u00f6tt mint sakter \u00e9s a fia kih\u00e1zas\u00edt\u00e1sakor r\u00e9szes\u00fclt az \u00fan. kih\u00e1zas\u00edt\u00e1si alapb\u00f3l (1934). Irod.: Sebesty\u00e9n Mih\u00e1ly-Diamanstein Gy\u00f6rgy: Egy els\u00fclyedt vil\u00e1g \u00e9breszt\u00e9se = Eml\u00e9kk. Szab\u00f3 Mikl\u00f3s<\/p>\n","protected":false},"featured_media":0,"comment_status":"open","ping_status":"closed","template":"","meta":[],"product_brand":[],"product_cat":[137],"product_tag":[],"class_list":{"0":"post-9159","1":"product","2":"type-product","3":"status-publish","5":"product_cat-maros-megyei-eletrajzi-lexikon","7":"first","8":"instock","9":"shipping-taxable","10":"product-type-simple"},"_links":{"self":[{"href":"https:\/\/uj.adatbank.ro\/lexikon\/wp-json\/wp\/v2\/product\/9159","targetHints":{"allow":["GET"]}}],"collection":[{"href":"https:\/\/uj.adatbank.ro\/lexikon\/wp-json\/wp\/v2\/product"}],"about":[{"href":"https:\/\/uj.adatbank.ro\/lexikon\/wp-json\/wp\/v2\/types\/product"}],"replies":[{"embeddable":true,"href":"https:\/\/uj.adatbank.ro\/lexikon\/wp-json\/wp\/v2\/comments?post=9159"}],"wp:attachment":[{"href":"https:\/\/uj.adatbank.ro\/lexikon\/wp-json\/wp\/v2\/media?parent=9159"}],"wp:term":[{"taxonomy":"product_brand","embeddable":true,"href":"https:\/\/uj.adatbank.ro\/lexikon\/wp-json\/wp\/v2\/product_brand?post=9159"},{"taxonomy":"product_cat","embeddable":true,"href":"https:\/\/uj.adatbank.ro\/lexikon\/wp-json\/wp\/v2\/product_cat?post=9159"},{"taxonomy":"product_tag","embeddable":true,"href":"https:\/\/uj.adatbank.ro\/lexikon\/wp-json\/wp\/v2\/product_tag?post=9159"}],"curies":[{"name":"wp","href":"https:\/\/api.w.org\/{rel}","templated":true}]}}