{"id":9161,"date":"2025-06-29T10:51:00","date_gmt":"2025-06-29T08:51:00","guid":{"rendered":"https:\/\/uj.adatbank.ro\/lexikon\/termek\/grun-magda\/"},"modified":"2025-06-29T10:51:00","modified_gmt":"2025-06-29T08:51:00","slug":"grun-magda","status":"publish","type":"product","link":"https:\/\/uj.adatbank.ro\/lexikon\/termek\/grun-magda\/","title":{"rendered":"GR\u00dcN Magda"},"content":{"rendered":"<p>1920., \u2020 Zichron Yakov (Izrael), 2003. febr. 4. temet\u00e9s: muzeol\u00f3gus. <br \/><strong>Irod.:<\/strong> [Nekrol\u00f3g] (N\u00fa., 2003. febr.?.)<\/br><\/p>\n","protected":false},"excerpt":{"rendered":"<p>1920., \u2020 Zichron Yakov (Izrael), 2003. febr. 4. temet\u00e9s: muzeol\u00f3gus. Irod.: [Nekrol\u00f3g] (N\u00fa., 2003. febr.?.)<\/p>\n","protected":false},"featured_media":0,"comment_status":"open","ping_status":"closed","template":"","meta":[],"product_brand":[],"product_cat":[137],"product_tag":[],"class_list":{"0":"post-9161","1":"product","2":"type-product","3":"status-publish","5":"product_cat-maros-megyei-eletrajzi-lexikon","7":"first","8":"instock","9":"shipping-taxable","10":"product-type-simple"},"_links":{"self":[{"href":"https:\/\/uj.adatbank.ro\/lexikon\/wp-json\/wp\/v2\/product\/9161","targetHints":{"allow":["GET"]}}],"collection":[{"href":"https:\/\/uj.adatbank.ro\/lexikon\/wp-json\/wp\/v2\/product"}],"about":[{"href":"https:\/\/uj.adatbank.ro\/lexikon\/wp-json\/wp\/v2\/types\/product"}],"replies":[{"embeddable":true,"href":"https:\/\/uj.adatbank.ro\/lexikon\/wp-json\/wp\/v2\/comments?post=9161"}],"wp:attachment":[{"href":"https:\/\/uj.adatbank.ro\/lexikon\/wp-json\/wp\/v2\/media?parent=9161"}],"wp:term":[{"taxonomy":"product_brand","embeddable":true,"href":"https:\/\/uj.adatbank.ro\/lexikon\/wp-json\/wp\/v2\/product_brand?post=9161"},{"taxonomy":"product_cat","embeddable":true,"href":"https:\/\/uj.adatbank.ro\/lexikon\/wp-json\/wp\/v2\/product_cat?post=9161"},{"taxonomy":"product_tag","embeddable":true,"href":"https:\/\/uj.adatbank.ro\/lexikon\/wp-json\/wp\/v2\/product_tag?post=9161"}],"curies":[{"name":"wp","href":"https:\/\/api.w.org\/{rel}","templated":true}]}}