{"id":9162,"date":"2025-06-29T10:51:02","date_gmt":"2025-06-29T08:51:02","guid":{"rendered":"https:\/\/uj.adatbank.ro\/lexikon\/termek\/grun-mano-%c2%a7\/"},"modified":"2025-06-29T10:51:02","modified_gmt":"2025-06-29T08:51:02","slug":"grun-mano-%c2%a7","status":"publish","type":"product","link":"https:\/\/uj.adatbank.ro\/lexikon\/termek\/grun-mano-%c2%a7\/","title":{"rendered":"GR\u00dcN Man\u00f3, \u00a7"},"content":{"rendered":"<p>? \u2020\u00a0? : keresked\u0151. \u2013 Mv.-en volt keresked\u0151 alkalmazott. Az I. vh.-ban (1917. \u2013 19. m\u00e1j.) a 62. gy. e.-ben az olasz \u00e9s rom\u00e1n fronton, mint tizedes teljes\u00edtett arcvonalszolg\u00e1latot, rom\u00e1n hadifogs\u00e1gban t\u00f6lt\u00f6tt n\u00e9gy h\u00f3napot. Kit\u00fcntet\u00e9se: K\u00e1roly cs. k. ig. a. <br \/><strong>Irod.:<\/strong> M. hadviselt zsid\u00f3k<\/br><\/p>\n","protected":false},"excerpt":{"rendered":"<p>? \u2020\u00a0? : keresked\u0151. \u2013 Mv.-en volt keresked\u0151 alkalmazott. Az I. vh.-ban (1917. \u2013 19. m\u00e1j.) a 62. gy. e.-ben az olasz \u00e9s rom\u00e1n fronton, mint tizedes teljes\u00edtett arcvonalszolg\u00e1latot, rom\u00e1n hadifogs\u00e1gban t\u00f6lt\u00f6tt n\u00e9gy h\u00f3napot. Kit\u00fcntet\u00e9se: K\u00e1roly cs. k. ig. a. Irod.: M. hadviselt zsid\u00f3k<\/p>\n","protected":false},"featured_media":0,"comment_status":"open","ping_status":"closed","template":"","meta":[],"product_brand":[],"product_cat":[137],"product_tag":[],"class_list":{"0":"post-9162","1":"product","2":"type-product","3":"status-publish","5":"product_cat-maros-megyei-eletrajzi-lexikon","7":"first","8":"instock","9":"shipping-taxable","10":"product-type-simple"},"_links":{"self":[{"href":"https:\/\/uj.adatbank.ro\/lexikon\/wp-json\/wp\/v2\/product\/9162","targetHints":{"allow":["GET"]}}],"collection":[{"href":"https:\/\/uj.adatbank.ro\/lexikon\/wp-json\/wp\/v2\/product"}],"about":[{"href":"https:\/\/uj.adatbank.ro\/lexikon\/wp-json\/wp\/v2\/types\/product"}],"replies":[{"embeddable":true,"href":"https:\/\/uj.adatbank.ro\/lexikon\/wp-json\/wp\/v2\/comments?post=9162"}],"wp:attachment":[{"href":"https:\/\/uj.adatbank.ro\/lexikon\/wp-json\/wp\/v2\/media?parent=9162"}],"wp:term":[{"taxonomy":"product_brand","embeddable":true,"href":"https:\/\/uj.adatbank.ro\/lexikon\/wp-json\/wp\/v2\/product_brand?post=9162"},{"taxonomy":"product_cat","embeddable":true,"href":"https:\/\/uj.adatbank.ro\/lexikon\/wp-json\/wp\/v2\/product_cat?post=9162"},{"taxonomy":"product_tag","embeddable":true,"href":"https:\/\/uj.adatbank.ro\/lexikon\/wp-json\/wp\/v2\/product_tag?post=9162"}],"curies":[{"name":"wp","href":"https:\/\/api.w.org\/{rel}","templated":true}]}}