{"id":9165,"date":"2025-06-29T10:51:08","date_gmt":"2025-06-29T08:51:08","guid":{"rendered":"https:\/\/uj.adatbank.ro\/lexikon\/termek\/grunbaum-bela\/"},"modified":"2025-06-29T10:51:08","modified_gmt":"2025-06-29T08:51:08","slug":"grunbaum-bela","status":"publish","type":"product","link":"https:\/\/uj.adatbank.ro\/lexikon\/termek\/grunbaum-bela\/","title":{"rendered":"GR\u00dcNBAUM B\u00e9la"},"content":{"rendered":"<p>Mv., 1904., \u2020\u00a0Mv., 1944. m\u00e1j. 29.: \u00f3r\u00e1smester. \u2013 Iskol\u00e1it Mv.-en v\u00e9gezte, majd az \u00f3r\u00e1sipart tanulta \u00e9desapja mellett. \u00c9desapja alap\u00edtotta (1901) Mv.-en a j\u00f3nev\u0171 \u00f3r\u00e1s \u00e9s \u00e9kszerboltot, amelyet k\u00e9s\u0151bb \u00e1tvett. \u00c9desapja r\u00e9szt vett az I. vh.-ban a 22. gy. e.-ben az orosz fronton sebes\u00fclt meg. <br \/><strong>Irod.:<\/strong> Mv.-i zsid\u00f3 temet\u0151 dok.; Sz\u00e9kelyf\u00f6ld \u00ed. k<\/br><\/p>\n","protected":false},"excerpt":{"rendered":"<p>Mv., 1904., \u2020\u00a0Mv., 1944. m\u00e1j. 29.: \u00f3r\u00e1smester. \u2013 Iskol\u00e1it Mv.-en v\u00e9gezte, majd az \u00f3r\u00e1sipart tanulta \u00e9desapja mellett. \u00c9desapja alap\u00edtotta (1901) Mv.-en a j\u00f3nev\u0171 \u00f3r\u00e1s \u00e9s \u00e9kszerboltot, amelyet k\u00e9s\u0151bb \u00e1tvett. \u00c9desapja r\u00e9szt vett az I. vh.-ban a 22. gy. e.-ben az orosz fronton sebes\u00fclt meg. Irod.: Mv.-i zsid\u00f3 temet\u0151 dok.; Sz\u00e9kelyf\u00f6ld \u00ed. k<\/p>\n","protected":false},"featured_media":0,"comment_status":"open","ping_status":"closed","template":"","meta":[],"product_brand":[],"product_cat":[137],"product_tag":[],"class_list":{"0":"post-9165","1":"product","2":"type-product","3":"status-publish","5":"product_cat-maros-megyei-eletrajzi-lexikon","7":"first","8":"instock","9":"shipping-taxable","10":"product-type-simple"},"_links":{"self":[{"href":"https:\/\/uj.adatbank.ro\/lexikon\/wp-json\/wp\/v2\/product\/9165","targetHints":{"allow":["GET"]}}],"collection":[{"href":"https:\/\/uj.adatbank.ro\/lexikon\/wp-json\/wp\/v2\/product"}],"about":[{"href":"https:\/\/uj.adatbank.ro\/lexikon\/wp-json\/wp\/v2\/types\/product"}],"replies":[{"embeddable":true,"href":"https:\/\/uj.adatbank.ro\/lexikon\/wp-json\/wp\/v2\/comments?post=9165"}],"wp:attachment":[{"href":"https:\/\/uj.adatbank.ro\/lexikon\/wp-json\/wp\/v2\/media?parent=9165"}],"wp:term":[{"taxonomy":"product_brand","embeddable":true,"href":"https:\/\/uj.adatbank.ro\/lexikon\/wp-json\/wp\/v2\/product_brand?post=9165"},{"taxonomy":"product_cat","embeddable":true,"href":"https:\/\/uj.adatbank.ro\/lexikon\/wp-json\/wp\/v2\/product_cat?post=9165"},{"taxonomy":"product_tag","embeddable":true,"href":"https:\/\/uj.adatbank.ro\/lexikon\/wp-json\/wp\/v2\/product_tag?post=9165"}],"curies":[{"name":"wp","href":"https:\/\/api.w.org\/{rel}","templated":true}]}}