{"id":9168,"date":"2025-06-29T10:51:13","date_gmt":"2025-06-29T08:51:13","guid":{"rendered":"https:\/\/uj.adatbank.ro\/lexikon\/termek\/grundemann-julia-gr-teleki-domokosne\/"},"modified":"2025-06-29T10:51:13","modified_gmt":"2025-06-29T08:51:13","slug":"grundemann-julia-gr-teleki-domokosne","status":"publish","type":"product","link":"https:\/\/uj.adatbank.ro\/lexikon\/termek\/grundemann-julia-gr-teleki-domokosne\/","title":{"rendered":"GRUNDEMANN Julia, gr. Teleki Domokosn\u00e9"},"content":{"rendered":"<p>? \u2020\u00a0?: foldbirtokos. \u2013 A mez\u0151paniti birtok \u00f6r\u00f6k\u00f6se Emma testv\u00e9r\u00e9vel k\u00f6z\u00f6sen (1813\u2013). Eladta a r\u00e1es\u0151 r\u00e9szt Balla Mih\u00e1lynak (1860), akit\u0151l a panitiak megv\u00e1s\u00e1rolt\u00e1k. <br \/><strong>Irod.:<\/strong> Mez\u0151panit<\/br><\/p>\n","protected":false},"excerpt":{"rendered":"<p>? \u2020\u00a0?: foldbirtokos. \u2013 A mez\u0151paniti birtok \u00f6r\u00f6k\u00f6se Emma testv\u00e9r\u00e9vel k\u00f6z\u00f6sen (1813\u2013). Eladta a r\u00e1es\u0151 r\u00e9szt Balla Mih\u00e1lynak (1860), akit\u0151l a panitiak megv\u00e1s\u00e1rolt\u00e1k. Irod.: Mez\u0151panit<\/p>\n","protected":false},"featured_media":0,"comment_status":"open","ping_status":"closed","template":"","meta":[],"product_brand":[],"product_cat":[137],"product_tag":[],"class_list":{"0":"post-9168","1":"product","2":"type-product","3":"status-publish","5":"product_cat-maros-megyei-eletrajzi-lexikon","7":"first","8":"instock","9":"shipping-taxable","10":"product-type-simple"},"_links":{"self":[{"href":"https:\/\/uj.adatbank.ro\/lexikon\/wp-json\/wp\/v2\/product\/9168","targetHints":{"allow":["GET"]}}],"collection":[{"href":"https:\/\/uj.adatbank.ro\/lexikon\/wp-json\/wp\/v2\/product"}],"about":[{"href":"https:\/\/uj.adatbank.ro\/lexikon\/wp-json\/wp\/v2\/types\/product"}],"replies":[{"embeddable":true,"href":"https:\/\/uj.adatbank.ro\/lexikon\/wp-json\/wp\/v2\/comments?post=9168"}],"wp:attachment":[{"href":"https:\/\/uj.adatbank.ro\/lexikon\/wp-json\/wp\/v2\/media?parent=9168"}],"wp:term":[{"taxonomy":"product_brand","embeddable":true,"href":"https:\/\/uj.adatbank.ro\/lexikon\/wp-json\/wp\/v2\/product_brand?post=9168"},{"taxonomy":"product_cat","embeddable":true,"href":"https:\/\/uj.adatbank.ro\/lexikon\/wp-json\/wp\/v2\/product_cat?post=9168"},{"taxonomy":"product_tag","embeddable":true,"href":"https:\/\/uj.adatbank.ro\/lexikon\/wp-json\/wp\/v2\/product_tag?post=9168"}],"curies":[{"name":"wp","href":"https:\/\/api.w.org\/{rel}","templated":true}]}}