{"id":9169,"date":"2025-06-29T10:51:15","date_gmt":"2025-06-29T08:51:15","guid":{"rendered":"https:\/\/uj.adatbank.ro\/lexikon\/termek\/grunfeld-erno\/"},"modified":"2025-06-29T10:51:15","modified_gmt":"2025-06-29T08:51:15","slug":"grunfeld-erno","status":"publish","type":"product","link":"https:\/\/uj.adatbank.ro\/lexikon\/termek\/grunfeld-erno\/","title":{"rendered":"GR\u00dcNFELD Ern\u0151"},"content":{"rendered":"<p>Mv., 1905. m\u00e1j. 30. \u2020\u00a01963.: tisztvisel\u0151, p\u00e1rtaktivista, igazgat\u00f3. \u2013 A Maros Megyei Szakszervezeti Tan\u00e1cs adminisztrat\u00edv felel\u0151se. Az illeg\u00e1lis RKP aktivist\u00e1ja (1923\u201344), a RMP tagja lett (1945\u2013). Az \u00e1llamos\u00edt\u00e1skor a mv.-i Robot Sz\u00f6vetkezet igazgat\u00f3j\u00e1v\u00e1 nevezt\u00e9k ki (1945). Ez a sz\u00f6vetkezet n\u00e9gy kisebb termel\u0151egys\u00e9gb\u0151l j\u00f6tt l\u00e9tre (1945. febr. 22.): a Breckner Szappangy\u00e1rb\u00f3l, amelyet Breckner Wilhelem alap\u00edtott (1884); a F\u00e9mfeldolgoz\u00f3 \u00dczemb\u0151l, alap\u00edtotta Kom\u00e1n J\u00f3zsef (1941); a D\u00e1vid Istv\u00e1n alap\u00edtotta (1935) D\u00e1vid Gy\u00f3gyszerpirula gy\u00e1rb\u00f3l \u00e9s a Rothbart Szappangy\u00e1rb\u00f3l, amelyet a Rothbart testv\u00e9rek alap\u00edtottak (1933). (Az egyik Rothbartot deport\u00e1lt\u00e1k \u00e9s nem t\u00e9rt vissza, ez\u00e9rt testv\u00e9re Rothbart P\u00e1l vezette az \u00fczemet, \u00e9s csak k\u00e9s\u0151bb \u00e1llt be a Robot Sz\u00f6vetkeztbe, 1947). Breckner Wilhelm kiv\u00e9tel\u00e9vel minden gy\u00e1rtulajdonost alkalmaztak az \u00faj Robot Sz\u00f6vetkezetben, amelyet k\u00e9s\u0151bb \u00e1llamos\u00edtottak (1948. j\u00fan. 11.), \u00e9s b\u0151v\u00edtettek a Friedrich Maximilian \u00f6nt\u0151 \u2013 \u00e9s f\u00e9mmegmunk\u00e1l\u00f3 m\u0171hely\u00e9vel (Kossuth u. 31. sz.); az Orosz f\u00e9le f\u00e9mmegmunk\u00e1l\u00f3 \u00e9s \u00f6nt\u0151m\u0171hellyel (Rem\u00e9nys\u00e9g u. 1sz.); a Singer Testv\u00e9rek \u00f6nt\u0151d\u00e9j\u00e9vel. A munk\u00e1sokat mind megtartott\u00e1k. <br \/><strong>Irod.:<\/strong> Bartos Zolt\u00e1n; Mv.-i zsid\u00f3 temet\u0151 dok.<\/br><\/p>\n","protected":false},"excerpt":{"rendered":"<p>Mv., 1905. m\u00e1j. 30. \u2020\u00a01963.: tisztvisel\u0151, p\u00e1rtaktivista, igazgat\u00f3. \u2013 A Maros Megyei Szakszervezeti Tan\u00e1cs adminisztrat\u00edv felel\u0151se. Az illeg\u00e1lis RKP aktivist\u00e1ja (1923\u201344), a RMP tagja lett (1945\u2013). Az \u00e1llamos\u00edt\u00e1skor a mv.-i Robot Sz\u00f6vetkezet igazgat\u00f3j\u00e1v\u00e1 nevezt\u00e9k ki (1945). Ez a sz\u00f6vetkezet n\u00e9gy kisebb termel\u0151egys\u00e9gb\u0151l j\u00f6tt l\u00e9tre (1945. febr. 22.): a Breckner Szappangy\u00e1rb\u00f3l, amelyet Breckner Wilhelem alap\u00edtott (1884); [&hellip;]<\/p>\n","protected":false},"featured_media":0,"comment_status":"open","ping_status":"closed","template":"","meta":[],"product_brand":[],"product_cat":[137],"product_tag":[],"class_list":{"0":"post-9169","1":"product","2":"type-product","3":"status-publish","5":"product_cat-maros-megyei-eletrajzi-lexikon","7":"first","8":"instock","9":"shipping-taxable","10":"product-type-simple"},"_links":{"self":[{"href":"https:\/\/uj.adatbank.ro\/lexikon\/wp-json\/wp\/v2\/product\/9169","targetHints":{"allow":["GET"]}}],"collection":[{"href":"https:\/\/uj.adatbank.ro\/lexikon\/wp-json\/wp\/v2\/product"}],"about":[{"href":"https:\/\/uj.adatbank.ro\/lexikon\/wp-json\/wp\/v2\/types\/product"}],"replies":[{"embeddable":true,"href":"https:\/\/uj.adatbank.ro\/lexikon\/wp-json\/wp\/v2\/comments?post=9169"}],"wp:attachment":[{"href":"https:\/\/uj.adatbank.ro\/lexikon\/wp-json\/wp\/v2\/media?parent=9169"}],"wp:term":[{"taxonomy":"product_brand","embeddable":true,"href":"https:\/\/uj.adatbank.ro\/lexikon\/wp-json\/wp\/v2\/product_brand?post=9169"},{"taxonomy":"product_cat","embeddable":true,"href":"https:\/\/uj.adatbank.ro\/lexikon\/wp-json\/wp\/v2\/product_cat?post=9169"},{"taxonomy":"product_tag","embeddable":true,"href":"https:\/\/uj.adatbank.ro\/lexikon\/wp-json\/wp\/v2\/product_tag?post=9169"}],"curies":[{"name":"wp","href":"https:\/\/api.w.org\/{rel}","templated":true}]}}